{"id":1818,"date":"2023-07-21T12:11:01","date_gmt":"2023-07-21T10:11:01","guid":{"rendered":"https:\/\/xyloporte.com\/?page_id=1818"},"modified":"2023-07-24T10:24:03","modified_gmt":"2023-07-24T08:24:03","slug":"entreprise","status":"publish","type":"page","link":"https:\/\/xyloporte.com\/fr\/entreprise\/","title":{"rendered":"L&rsquo;entreprise"},"content":{"rendered":"<section class=\"wpb-content-wrapper\"><p>[vc_row css_animation=\u00a0\u00bb\u00a0\u00bb row_type=\u00a0\u00bbrow\u00a0\u00bb use_row_as_full_screen_section=\u00a0\u00bbno\u00a0\u00bb type=\u00a0\u00bbfull_width\u00a0\u00bb angled_section=\u00a0\u00bbno\u00a0\u00bb text_align=\u00a0\u00bbleft\u00a0\u00bb background_image_as_pattern=\u00a0\u00bbwithout_pattern\u00a0\u00bb el_id=\u00a0\u00bbParagrafo-apertura\u00a0\u00bb z_index=\u00a0\u00bb\u00a0\u00bb][vc_column width=\u00a0\u00bb2\/3&Prime;][vc_column_text]Les origines de Xylo remontent \u00e0 1971, date de sa cr\u00e9ation en tant que menuiserie artisanale d\u00e9di\u00e9e \u00e0 la production de portes et de ch\u00e2ssis selon les instructions express\u00e9ment formul\u00e9es par des professionnels et des architectes. Lorsque les investissements des ann\u00e9es 1990 ont conduit \u00e0 l&rsquo;achat des premi\u00e8res machines \u00e0 commande num\u00e9rique, la force productive de l&rsquo;entreprise a permis une ouverture vers de nouveaux march\u00e9s.<\/p>\n<p>La collaboration avec les nouvelles r\u00e9alit\u00e9s du commerce et de la distribution fait na\u00eetre le besoin de cr\u00e9er une nouvelle structure, plus dynamique et orient\u00e9e vers le client. C&rsquo;est ainsi qu&rsquo;est n\u00e9e en 2004 la soci\u00e9t\u00e9 Xylo s.r.l., sp\u00e9cialis\u00e9e dans la production de portes d&rsquo;int\u00e9rieur avec des finitions synth\u00e9tiques, laqu\u00e9es et en bois v\u00e9ritable, en conservant l&rsquo;esprit artisanal qui nous a permis et continue de nous permettre de travailler \u00ab\u00a0sur catalogue\u00a0\u00bb, mais pas seulement.[\/vc_column_text][\/vc_column][vc_column width=\u00a0\u00bb1\/3&Prime;][\/vc_column][\/vc_row][vc_row equal_height=\u00a0\u00bbyes\u00a0\u00bb content_placement=\u00a0\u00bbmiddle\u00a0\u00bb css_animation=\u00a0\u00bb\u00a0\u00bb row_type=\u00a0\u00bbrow\u00a0\u00bb use_row_as_full_screen_section=\u00a0\u00bbno\u00a0\u00bb type=\u00a0\u00bbfull_width\u00a0\u00bb angled_section=\u00a0\u00bbno\u00a0\u00bb text_align=\u00a0\u00bbleft\u00a0\u00bb background_image_as_pattern=\u00a0\u00bbwithout_pattern\u00a0\u00bb css=\u00a0\u00bb.vc_custom_1600779415952{margin-top: 64px !important;margin-bottom: 64px !important;}\u00a0\u00bb z_index=\u00a0\u00bb\u00a0\u00bb el_class=\u00a0\u00bballinea-centrale\u00a0\u00bb][vc_column width=\u00a0\u00bb5\/12&Prime; css=\u00a0\u00bb.vc_custom_1600853216438{margin-bottom: 32px !important;}\u00a0\u00bb][vc_single_image image=\u00a0\u00bb373&Prime; img_size=\u00a0\u00bbfull\u00a0\u00bb qode_css_animation=\u00a0\u00bb\u00a0\u00bb][\/vc_column][vc_column width=\u00a0\u00bb7\/12&Prime; css=\u00a0\u00bb.vc_custom_1600853227372{margin-bottom: 32px !important;}\u00a0\u00bb][vc_column_text]<\/p>\n<h2>Dans un march\u00e9 orient\u00e9 vers des produits standardis\u00e9s, nous choisissons d&rsquo;\u00eatre diff\u00e9rents.<\/h2>\n<p>Bien que le march\u00e9 s&rsquo;oriente vers des produits o\u00f9 le prix devient un \u00e9l\u00e9ment distinctif, nous choisissons de maintenir comme pr\u00e9rogative la production de portes avec des d\u00e9tails de construction et des finitions artisanales qui nous permettent de nous diff\u00e9rencier pour r\u00e9pondre au mieux aux exigences de nos clients. Le choix d&rsquo;utiliser des mati\u00e8res premi\u00e8res qui r\u00e9pondent \u00e0 nos exigences nous permet de travailler en sachant que nous offrons \u00e0 nos partenaires un produit unique et durable dans le temps, o\u00f9 les d\u00e9tails soulignent nos sp\u00e9cificit\u00e9s.[\/vc_column_text][\/vc_column][\/vc_row][vc_row content_placement=\u00a0\u00bbmiddle\u00a0\u00bb css_animation=\u00a0\u00bb\u00a0\u00bb row_type=\u00a0\u00bbrow\u00a0\u00bb use_row_as_full_screen_section=\u00a0\u00bbno\u00a0\u00bb type=\u00a0\u00bbfull_width\u00a0\u00bb angled_section=\u00a0\u00bbno\u00a0\u00bb text_align=\u00a0\u00bbleft\u00a0\u00bb background_image_as_pattern=\u00a0\u00bbwithout_pattern\u00a0\u00bb css=\u00a0\u00bb.vc_custom_1600852641568{margin-top: 64px !important;margin-bottom: 64px !important;}\u00a0\u00bb z_index=\u00a0\u00bb\u00a0\u00bb el_class=\u00a0\u00bballinea-centrale\u00a0\u00bb][vc_column width=\u00a0\u00bb5\/12&Prime; css=\u00a0\u00bb.vc_custom_1600853323477{margin-bottom: 32px !important;}\u00a0\u00bb el_class=\u00a0\u00bbvc_col-sm-push-7&Prime;][vc_single_image image=\u00a0\u00bb421&Prime; img_size=\u00a0\u00bbfull\u00a0\u00bb alignment=\u00a0\u00bbright\u00a0\u00bb qode_css_animation=\u00a0\u00bb\u00a0\u00bb][\/vc_column][vc_column width=\u00a0\u00bb7\/12&Prime; css=\u00a0\u00bb.vc_custom_1600853332011{margin-bottom: 32px !important;}\u00a0\u00bb el_class=\u00a0\u00bbvc_col-sm-pull-5&Prime;][vc_column_text]<\/p>\n<h2>Des finitions et des mod\u00e8les con\u00e7us pour se d\u00e9marquer et s&rsquo;adapter \u00e0 l&rsquo;environnement.<\/h2>\n<p>La vari\u00e9t\u00e9 des finitions, des couleurs et des mod\u00e8les du catalogue permet de r\u00e9pondre \u00e0 la plupart des exigences. Mais lorsque nous n&rsquo;avons pas \u00e9t\u00e9 en mesure de proposer une solution satisfaisante sur catalogue, notre savoir-faire nous permet de proposer et de r\u00e9aliser des portes et des produits d&rsquo;int\u00e9rieur qui r\u00e9pondent aux exigences les plus vari\u00e9es.<\/p>\n<p><a class=\"link-fine-paragrafo\" href=\"https:\/\/xyloporte.com\/fr\/produits\/\"><strong>Tous les produits \u203a<\/strong><\/a>[\/vc_column_text][\/vc_column][\/vc_row][vc_row equal_height=\u00a0\u00bbyes\u00a0\u00bb content_placement=\u00a0\u00bbtop\u00a0\u00bb css_animation=\u00a0\u00bb\u00a0\u00bb row_type=\u00a0\u00bbrow\u00a0\u00bb use_row_as_full_screen_section=\u00a0\u00bbno\u00a0\u00bb type=\u00a0\u00bbfull_width\u00a0\u00bb angled_section=\u00a0\u00bbno\u00a0\u00bb text_align=\u00a0\u00bbleft\u00a0\u00bb background_image_as_pattern=\u00a0\u00bbwithout_pattern\u00a0\u00bb z_index=\u00a0\u00bb\u00a0\u00bb css=\u00a0\u00bb.vc_custom_1600779446825{margin-bottom: px !important;}\u00a0\u00bb][vc_column width=\u00a0\u00bb1\/2&Prime; css=\u00a0\u00bb.vc_custom_1599472022960{margin-bottom: 32px !important;}\u00a0\u00bb][vc_column_text]<\/p>\n<h2>La qualit\u00e9 comme valeur fondamentale<\/h2>\n<p>[\/vc_column_text][\/vc_column][vc_column width=\u00a0\u00bb1\/2&Prime;][\/vc_column][\/vc_row][vc_row css_animation=\u00a0\u00bb\u00a0\u00bb row_type=\u00a0\u00bbrow\u00a0\u00bb use_row_as_full_screen_section=\u00a0\u00bbno\u00a0\u00bb type=\u00a0\u00bbfull_width\u00a0\u00bb angled_section=\u00a0\u00bbno\u00a0\u00bb text_align=\u00a0\u00bbleft\u00a0\u00bb background_image_as_pattern=\u00a0\u00bbwithout_pattern\u00a0\u00bb][vc_column width=\u00a0\u00bb1\/2&Prime;][vc_column_text]La philosophie qui nous guide dans la fabrication de nos produits est la recherche constante de la qualit\u00e9.<\/p>\n<blockquote><p>Comment d\u00e9finir le <strong>concept de qualit\u00e9 ?<\/strong> Selon Pirsig, il n&rsquo;est pas du tout facile de d\u00e9finir la qualit\u00e9 en termes objectifs, alors qu&rsquo;il est facile d&rsquo;en d\u00e9tecter l&rsquo;absence.<\/p><\/blockquote>\n<p>Lorsque la qualit\u00e9 est absente, nous nous en rendons compte imm\u00e9diatement. Pour d\u00e9finir la qualit\u00e9, il faut in\u00e9vitablement d\u00e9finir les param\u00e8tres et les caract\u00e9ristiques auxquels nous devons r\u00e9pondre.[\/vc_column_text][\/vc_column][vc_column width=\u00a0\u00bb1\/2&Prime;][vc_column_text]Par cons\u00e9quent, notre concept de qualit\u00e9 est \u00e9troitement li\u00e9 aux attentes de ceux qui choisissent une porte Xylo pour leur maison. Nous ne pouvons pas d\u00e9cider de ce qu&rsquo;est la qualit\u00e9. Choisir une porte Xylo et faire confiance \u00e0 nos revendeurs implique que les personnes qui utiliseront quotidiennement une porte ou un meuble r\u00e9fl\u00e9chissent \u00e0 leurs besoins : <strong>fonctionnels, esth\u00e9tiques, de durabilit\u00e9<\/strong> et <strong>de co\u00fbt<\/strong>.<br \/>\nNotre t\u00e2che est d&rsquo;essayer de satisfaire ces attentes, en orientant le client vers le choix de la porte qui r\u00e9pond le mieux \u00e0 ses attentes parmi les collections de notre catalogue ou vers la recherche d&rsquo;un nouveau produit \u00e0 \u00ab\u00a0construire ensemble\u00a0\u00bb, avec ces caract\u00e9ristiques qui nous permettront d&rsquo;\u00eatre satisfaits du choix.[\/vc_column_text][\/vc_column][\/vc_row]<\/p>\n<\/section>","protected":false},"excerpt":{"rendered":"<p>[vc_row css_animation=\u00a0\u00bb\u00a0\u00bb row_type=\u00a0\u00bbrow\u00a0\u00bb use_row_as_full_screen_section=\u00a0\u00bbno\u00a0\u00bb type=\u00a0\u00bbfull_width\u00a0\u00bb angled_section=\u00a0\u00bbno\u00a0\u00bb text_align=\u00a0\u00bbleft\u00a0\u00bb background_image_as_pattern=\u00a0\u00bbwithout_pattern\u00a0\u00bb el_id=\u00a0\u00bbParagrafo-apertura\u00a0\u00bb z_index=\u00a0\u00bb\u00a0\u00bb][vc_column width=\u00a0\u00bb2\/3&Prime;][vc_column_text]Les origines de Xylo remontent \u00e0 1971, date de sa cr\u00e9ation en tant que menuiserie artisanale d\u00e9di\u00e9e \u00e0 la production de portes et de ch\u00e2ssis selon les instructions express\u00e9ment formul\u00e9es par des professionnels et des&#8230;<\/p>\n","protected":false},"author":1,"featured_media":0,"parent":0,"menu_order":0,"comment_status":"closed","ping_status":"closed","template":"","meta":{"_locale":"fr_FR","_original_post":"https:\/\/xyloporte.com\/?page_id=13"},"_links":{"self":[{"href":"https:\/\/xyloporte.com\/wp-json\/wp\/v2\/pages\/1818"}],"collection":[{"href":"https:\/\/xyloporte.com\/wp-json\/wp\/v2\/pages"}],"about":[{"href":"https:\/\/xyloporte.com\/wp-json\/wp\/v2\/types\/page"}],"author":[{"embeddable":true,"href":"https:\/\/xyloporte.com\/wp-json\/wp\/v2\/users\/1"}],"replies":[{"embeddable":true,"href":"https:\/\/xyloporte.com\/wp-json\/wp\/v2\/comments?post=1818"}],"version-history":[{"count":0,"href":"https:\/\/xyloporte.com\/wp-json\/wp\/v2\/pages\/1818\/revisions"}],"wp:attachment":[{"href":"https:\/\/xyloporte.com\/wp-json\/wp\/v2\/media?parent=1818"}],"curies":[{"name":"wp","href":"https:\/\/api.w.org\/{rel}","templated":true}]}}