{"id":1824,"date":"2023-07-21T12:15:48","date_gmt":"2023-07-21T10:15:48","guid":{"rendered":"https:\/\/xyloporte.com\/?page_id=1824"},"modified":"2023-07-24T17:54:38","modified_gmt":"2023-07-24T15:54:38","slug":"produits","status":"publish","type":"page","link":"https:\/\/xyloporte.com\/fr\/produits\/","title":{"rendered":"Les portes Xylo"},"content":{"rendered":"<section class=\"wpb-content-wrapper\"><p>[vc_row css_animation=\u00a0\u00bb\u00a0\u00bb row_type=\u00a0\u00bbrow\u00a0\u00bb use_row_as_full_screen_section=\u00a0\u00bbno\u00a0\u00bb type=\u00a0\u00bbfull_width\u00a0\u00bb angled_section=\u00a0\u00bbno\u00a0\u00bb text_align=\u00a0\u00bbleft\u00a0\u00bb background_image_as_pattern=\u00a0\u00bbwithout_pattern\u00a0\u00bb][vc_column width=\u00a0\u00bb2\/3&Prime;][vc_column_text]Nous savons \u00e0 quel point le choix d&rsquo;un \u00e9l\u00e9ment aussi important qu&rsquo;une porte lors de la construction ou de la r\u00e9novation d&rsquo;une pi\u00e8ce demande du soin. Il s&rsquo;agit d&rsquo;un \u00e9l\u00e9ment de la maison que l&rsquo;on utilise chaque jour \u00e0 maintes reprises, presque sans s&rsquo;en rendre compte. Elle remplit la fonction importante de filtre entre les pi\u00e8ces, s\u00e9parant le public du priv\u00e9.<\/p>\n<p>Nous concevons et fabriquons nos portes de mani\u00e8re \u00e0 ce qu&rsquo;elles r\u00e9pondent \u00e0 toutes les exigences les plus importantes auxquelles cet \u00e9l\u00e9ment d&rsquo;ameublement fondamental doit r\u00e9pondre : la fonctionnalit\u00e9, la durabilit\u00e9 et le style. Notre vision de la qualit\u00e9 touche tous ces aspects, en proposant des solutions adapt\u00e9es \u00e0 chaque besoin, m\u00eame avec une production enti\u00e8rement sur mesure.[\/vc_column_text][\/vc_column][vc_column width=\u00a0\u00bb1\/3&Prime;][\/vc_column][\/vc_row][vc_row css_animation=\u00a0\u00bb\u00a0\u00bb row_type=\u00a0\u00bbrow\u00a0\u00bb use_row_as_full_screen_section=\u00a0\u00bbno\u00a0\u00bb type=\u00a0\u00bbfull_width\u00a0\u00bb angled_section=\u00a0\u00bbno\u00a0\u00bb text_align=\u00a0\u00bbleft\u00a0\u00bb background_image_as_pattern=\u00a0\u00bbwithout_pattern\u00a0\u00bb css=\u00a0\u00bb.vc_custom_1598880092506{margin-top: 64px !important;}\u00a0\u00bb z_index=\u00a0\u00bb\u00a0\u00bb][vc_column width=\u00a0\u00bb1\/2&Prime; css=\u00a0\u00bb.vc_custom_1600259567004{margin-bottom: 32px !important;}\u00a0\u00bb][vc_single_image image=\u00a0\u00bb535&Prime; img_size=\u00a0\u00bbfull\u00a0\u00bb qode_css_animation=\u00a0\u00bb\u00a0\u00bb][vc_column_text]<\/p>\n<hr style=\"border: none; border-bottom: 1px dotted #2d2d2d; width: 30%; margin: 16px auto 16px auto;\" \/>\n<h4 style=\"text-align: center;\">Portes \u00e0 finition synth\u00e9tique<\/h4>\n<p style=\"text-align: center;\">Nos portes avec une finition en stratifi\u00e9 synth\u00e9tique<\/p>\n<p>[\/vc_column_text][vc_btn title=\u00a0\u00bbToutes les collections\u00a0\u00bb style=\u00a0\u00bbcustom\u00a0\u00bb custom_text=\u00a0\u00bb#666666&Prime; shape=\u00a0\u00bbsquare\u00a0\u00bb size=\u00a0\u00bbsm\u00a0\u00bb align=\u00a0\u00bbcenter\u00a0\u00bb css=\u00a0\u00bb.vc_custom_1690187152212{margin-top: 16px !important;}\u00a0\u00bb link=\u00a0\u00bburl:https%3A%2F%2Fxyloporte.com%2Ffr%2Fproduits%2Fportes-a-finition-synthetique%2F\u00a0\u00bb][\/vc_column][vc_column width=\u00a0\u00bb1\/2&Prime; css=\u00a0\u00bb.vc_custom_1600259573298{margin-bottom: 32px !important;}\u00a0\u00bb][vc_single_image image=\u00a0\u00bb374&Prime; img_size=\u00a0\u00bbfull\u00a0\u00bb qode_css_animation=\u00a0\u00bb\u00a0\u00bb][vc_column_text]<\/p>\n<hr style=\"border: none; border-bottom: 1px dotted #2d2d2d; width: 30%; margin: 16px auto 16px auto;\" \/>\n<h4 style=\"text-align: center;\">Portes en bois laqu\u00e9<\/h4>\n<p style=\"text-align: center;\">Portes laqu\u00e9es \u00e0 cycle mixte<\/p>\n<p>[\/vc_column_text][vc_btn title=\u00a0\u00bbToutes les collections\u00a0\u00bb style=\u00a0\u00bbcustom\u00a0\u00bb custom_text=\u00a0\u00bb#666666&Prime; shape=\u00a0\u00bbsquare\u00a0\u00bb size=\u00a0\u00bbsm\u00a0\u00bb align=\u00a0\u00bbcenter\u00a0\u00bb css=\u00a0\u00bb.vc_custom_1690187177773{margin-top: 16px !important;}\u00a0\u00bb link=\u00a0\u00bburl:https%3A%2F%2Fxyloporte.com%2Ffr%2Fproduits%2Fportes-en-finition-laquee%2F|title:Portes%20en%20finition%20laqu%C3%A9e\u00a0\u00bb][\/vc_column][\/vc_row][vc_row css_animation=\u00a0\u00bb\u00a0\u00bb row_type=\u00a0\u00bbrow\u00a0\u00bb use_row_as_full_screen_section=\u00a0\u00bbno\u00a0\u00bb type=\u00a0\u00bbfull_width\u00a0\u00bb angled_section=\u00a0\u00bbno\u00a0\u00bb text_align=\u00a0\u00bbleft\u00a0\u00bb background_image_as_pattern=\u00a0\u00bbwithout_pattern\u00a0\u00bb z_index=\u00a0\u00bb\u00a0\u00bb][vc_column width=\u00a0\u00bb1\/2&Prime; css=\u00a0\u00bb.vc_custom_1600259579524{margin-bottom: 32px !important;}\u00a0\u00bb][vc_single_image image=\u00a0\u00bb717&Prime; img_size=\u00a0\u00bbfull\u00a0\u00bb qode_css_animation=\u00a0\u00bb\u00a0\u00bb][vc_column_text]<\/p>\n<hr style=\"border: none; border-bottom: 1px dotted #2d2d2d; width: 30%; margin: 16px auto 16px auto;\" \/>\n<h4 class=\"p1\" style=\"text-align: center;\">Portes en finition vernis<\/h4>\n<p class=\"p1\" style=\"text-align: center;\">Portes en placage ou en bois massif peintes \u00e0 l&rsquo;eau<\/p>\n<p>[\/vc_column_text][vc_btn title=\u00a0\u00bbToutes les collections\u00a0\u00bb style=\u00a0\u00bbcustom\u00a0\u00bb custom_text=\u00a0\u00bb#666666&Prime; shape=\u00a0\u00bbsquare\u00a0\u00bb size=\u00a0\u00bbsm\u00a0\u00bb align=\u00a0\u00bbcenter\u00a0\u00bb css=\u00a0\u00bb.vc_custom_1690214073847{margin-top: 16px !important;}\u00a0\u00bb link=\u00a0\u00bburl:https%3A%2F%2Fxyloporte.com%2Ffr%2Fproduits%2Fportes-en-finition-vernis%2F|title:Portes%20en%20bois%20peint\u00a0\u00bb][\/vc_column][vc_column width=\u00a0\u00bb1\/2&Prime; css=\u00a0\u00bb.vc_custom_1600259584858{margin-bottom: 32px !important;}\u00a0\u00bb][vc_single_image image=\u00a0\u00bb819&Prime; img_size=\u00a0\u00bbfull\u00a0\u00bb qode_css_animation=\u00a0\u00bb\u00a0\u00bb][vc_column_text]<\/p>\n<hr style=\"border: none; border-bottom: 1px dotted #2d2d2d; width: 30%; margin: 16px auto 16px auto;\" \/>\n<h4 class=\"p1\" style=\"text-align: center;\">Collection VEDO<\/h4>\n<p class=\"p1\" style=\"text-align: center;\">Portes tout verre<\/p>\n<p>[\/vc_column_text][vc_btn title=\u00a0\u00bbVoir la collection\u00a0\u00bb style=\u00a0\u00bbcustom\u00a0\u00bb custom_text=\u00a0\u00bb#666666&Prime; shape=\u00a0\u00bbsquare\u00a0\u00bb size=\u00a0\u00bbsm\u00a0\u00bb align=\u00a0\u00bbcenter\u00a0\u00bb css=\u00a0\u00bb.vc_custom_1690187237990{margin-top: 16px !important;}\u00a0\u00bb link=\u00a0\u00bburl:https%3A%2F%2Fxyloporte.com%2Ffr%2Fproduits%2Fextras-et-accessoires%2Fvedo%2F|title:Vedo\u00a0\u00bb][\/vc_column][\/vc_row][vc_row css_animation=\u00a0\u00bb\u00a0\u00bb row_type=\u00a0\u00bbrow\u00a0\u00bb use_row_as_full_screen_section=\u00a0\u00bbno\u00a0\u00bb type=\u00a0\u00bbfull_width\u00a0\u00bb angled_section=\u00a0\u00bbno\u00a0\u00bb text_align=\u00a0\u00bbleft\u00a0\u00bb background_image_as_pattern=\u00a0\u00bbwithout_pattern\u00a0\u00bb z_index=\u00a0\u00bb\u00a0\u00bb][vc_column width=\u00a0\u00bb1\/2&Prime; css=\u00a0\u00bb.vc_custom_1600259579524{margin-bottom: 32px !important;}\u00a0\u00bb][vc_single_image image=\u00a0\u00bb838&Prime; img_size=\u00a0\u00bbfull\u00a0\u00bb qode_css_animation=\u00a0\u00bb\u00a0\u00bb][vc_column_text]<\/p>\n<hr style=\"border: none; border-bottom: 1px dotted #2d2d2d; width: 30%; margin: 16px auto 16px auto;\" \/>\n<h4 style=\"text-align: center;\">Collection HYDE<\/h4>\n<p style=\"text-align: center;\">Portes au ras du mur<\/p>\n<p>[\/vc_column_text][vc_btn title=\u00a0\u00bbVoir la collection\u00a0\u00bb style=\u00a0\u00bbcustom\u00a0\u00bb custom_text=\u00a0\u00bb#666666&Prime; shape=\u00a0\u00bbsquare\u00a0\u00bb size=\u00a0\u00bbsm\u00a0\u00bb align=\u00a0\u00bbcenter\u00a0\u00bb css=\u00a0\u00bb.vc_custom_1690187267426{margin-top: 16px !important;}\u00a0\u00bb link=\u00a0\u00bburl:https%3A%2F%2Fxyloporte.com%2Ffr%2Fproduits%2Fextras-et-accessoires%2Fhyde%2F|title:HYDE\u00a0\u00bb][\/vc_column][\/vc_row]<\/p>\n<\/section>","protected":false},"excerpt":{"rendered":"<p>[vc_row css_animation=\u00a0\u00bb\u00a0\u00bb row_type=\u00a0\u00bbrow\u00a0\u00bb use_row_as_full_screen_section=\u00a0\u00bbno\u00a0\u00bb type=\u00a0\u00bbfull_width\u00a0\u00bb angled_section=\u00a0\u00bbno\u00a0\u00bb text_align=\u00a0\u00bbleft\u00a0\u00bb background_image_as_pattern=\u00a0\u00bbwithout_pattern\u00a0\u00bb][vc_column width=\u00a0\u00bb2\/3&Prime;][vc_column_text]Nous savons \u00e0 quel point le choix d&rsquo;un \u00e9l\u00e9ment aussi important qu&rsquo;une porte lors de la construction ou de la r\u00e9novation d&rsquo;une pi\u00e8ce demande du soin. Il s&rsquo;agit d&rsquo;un \u00e9l\u00e9ment de la maison que l&rsquo;on utilise chaque&#8230;<\/p>\n","protected":false},"author":1,"featured_media":0,"parent":0,"menu_order":0,"comment_status":"closed","ping_status":"closed","template":"","meta":{"_locale":"fr_FR","_original_post":"https:\/\/xyloporte.com\/?page_id=18"},"_links":{"self":[{"href":"https:\/\/xyloporte.com\/wp-json\/wp\/v2\/pages\/1824"}],"collection":[{"href":"https:\/\/xyloporte.com\/wp-json\/wp\/v2\/pages"}],"about":[{"href":"https:\/\/xyloporte.com\/wp-json\/wp\/v2\/types\/page"}],"author":[{"embeddable":true,"href":"https:\/\/xyloporte.com\/wp-json\/wp\/v2\/users\/1"}],"replies":[{"embeddable":true,"href":"https:\/\/xyloporte.com\/wp-json\/wp\/v2\/comments?post=1824"}],"version-history":[{"count":0,"href":"https:\/\/xyloporte.com\/wp-json\/wp\/v2\/pages\/1824\/revisions"}],"wp:attachment":[{"href":"https:\/\/xyloporte.com\/wp-json\/wp\/v2\/media?parent=1824"}],"curies":[{"name":"wp","href":"https:\/\/api.w.org\/{rel}","templated":true}]}}