{"id":1828,"date":"2023-07-21T12:23:45","date_gmt":"2023-07-21T10:23:45","guid":{"rendered":"https:\/\/xyloporte.com\/?page_id=1828"},"modified":"2023-07-24T10:30:49","modified_gmt":"2023-07-24T08:30:49","slug":"portes-a-finition-synthetique","status":"publish","type":"page","link":"https:\/\/xyloporte.com\/fr\/produits\/portes-a-finition-synthetique\/","title":{"rendered":"Portes \u00e0 finition synth\u00e9tique"},"content":{"rendered":"<section class=\"wpb-content-wrapper\"><p>[vc_row equal_height=\u00a0\u00bbyes\u00a0\u00bb css_animation=\u00a0\u00bb\u00a0\u00bb row_type=\u00a0\u00bbrow\u00a0\u00bb use_row_as_full_screen_section=\u00a0\u00bbno\u00a0\u00bb type=\u00a0\u00bbfull_width\u00a0\u00bb angled_section=\u00a0\u00bbno\u00a0\u00bb text_align=\u00a0\u00bbleft\u00a0\u00bb background_image_as_pattern=\u00a0\u00bbwithout_pattern\u00a0\u00bb z_index=\u00a0\u00bb\u00a0\u00bb el_class=\u00a0\u00bbdescrizione-categoria\u00a0\u00bb css=\u00a0\u00bb.vc_custom_1598885948008{background-color: #cebf9e !important;}\u00a0\u00bb][vc_column width=\u00a0\u00bb2\/3&Prime;][vc_single_image image=\u00a0\u00bb432&Prime; img_size=\u00a0\u00bbfull\u00a0\u00bb qode_css_animation=\u00a0\u00bb\u00a0\u00bb][\/vc_column][vc_column width=\u00a0\u00bb1\/3&Prime;][vc_column_text css=\u00a0\u00bb.vc_custom_1689934822417{padding-top: 32px !important;padding-right: 32px !important;padding-bottom: 32px !important;padding-left: 32px !important;background-color: #cebf9e !important;}\u00a0\u00bb]Nos 6 collections de <strong>portes en finition synth\u00e9tique<\/strong> suivent les derni\u00e8res tendances en mati\u00e8re de design. Les panneaux d\u00e9coratifs vont de finitions basiques \u00e0 des finitions plus sophistiqu\u00e9es, avec des mat\u00e9riaux \u00e0 fort impact.<\/p>\n<p>La possibilit\u00e9 de choisir entre des charni\u00e8res traditionnelles et des charni\u00e8res invisibles vous permet de cr\u00e9er une porte qui peut vraiment d\u00e9corer votre maison.<\/p>\n<p>Les profils hydrofuges assurent la long\u00e9vit\u00e9 des portes, et la possibilit\u00e9 de r\u00e9aliser des portes sur mesure permet d&rsquo;am\u00e9nager toutes les pi\u00e8ces de la maison, m\u00eame les plus complexes.[\/vc_column_text][\/vc_column][\/vc_row][vc_row css_animation=\u00a0\u00bb\u00a0\u00bb row_type=\u00a0\u00bbrow\u00a0\u00bb use_row_as_full_screen_section=\u00a0\u00bbno\u00a0\u00bb type=\u00a0\u00bbfull_width\u00a0\u00bb angled_section=\u00a0\u00bbno\u00a0\u00bb text_align=\u00a0\u00bbleft\u00a0\u00bb background_image_as_pattern=\u00a0\u00bbwithout_pattern\u00a0\u00bb css=\u00a0\u00bb.vc_custom_1598883572887{margin-top: 64px !important;margin-bottom: 64px !important;}\u00a0\u00bb z_index=\u00a0\u00bb\u00a0\u00bb][vc_column][vc_column_text]<\/p>\n<h2>Collections Xylo<\/h2>\n<p>[\/vc_column_text][\/vc_column][\/vc_row][vc_section el_class=\u00a0\u00bbcon-testo-a-sinistra\u00a0\u00bb][vc_row css_animation=\u00a0\u00bb\u00a0\u00bb row_type=\u00a0\u00bbrow\u00a0\u00bb use_row_as_full_screen_section=\u00a0\u00bbno\u00a0\u00bb type=\u00a0\u00bbfull_width\u00a0\u00bb angled_section=\u00a0\u00bbno\u00a0\u00bb text_align=\u00a0\u00bbleft\u00a0\u00bb background_image_as_pattern=\u00a0\u00bbwithout_pattern\u00a0\u00bb][vc_column width=\u00a0\u00bb1\/3&Prime; css=\u00a0\u00bb.vc_custom_1599204408132{margin-bottom: 32px !important;}\u00a0\u00bb][vc_single_image image=\u00a0\u00bb1279&Prime; img_size=\u00a0\u00bbfull\u00a0\u00bb qode_css_animation=\u00a0\u00bb\u00a0\u00bb][vc_column_text]<\/p>\n<hr style=\"border: none; border-bottom: 1px dotted #2d2d2d; width: 30%; margin: 16px auto 16px auto;\" \/>\n<h4 class=\"p1\" style=\"text-align: center;\">Collection WORN<\/h4>\n<p class=\"p1\" style=\"text-align: center;\">Portes en finition synth\u00e9tique effet bois<\/p>\n<p>[\/vc_column_text][vc_btn title=\u00a0\u00bbVoir la collection\u00a0\u00bb style=\u00a0\u00bbcustom\u00a0\u00bb custom_text=\u00a0\u00bb#666666&Prime; shape=\u00a0\u00bbsquare\u00a0\u00bb size=\u00a0\u00bbsm\u00a0\u00bb align=\u00a0\u00bbcenter\u00a0\u00bb css=\u00a0\u00bb.vc_custom_1690187388973{margin-top: 16px !important;}\u00a0\u00bb link=\u00a0\u00bburl:https%3A%2F%2Fxyloporte.com%2Ffr%2Fproduits%2Fportes-a-finition-synthetique%2Fworn%2F|title:WORN\u00a0\u00bb][\/vc_column][vc_column width=\u00a0\u00bb1\/3&Prime; css=\u00a0\u00bb.vc_custom_1599204416339{margin-bottom: 32px !important;}\u00a0\u00bb][vc_single_image image=\u00a0\u00bb1277&Prime; img_size=\u00a0\u00bbfull\u00a0\u00bb qode_css_animation=\u00a0\u00bb\u00a0\u00bb][vc_column_text]<\/p>\n<hr style=\"border: none; border-bottom: 1px dotted #2d2d2d; width: 30%; margin: 16px auto 16px auto;\" \/>\n<h4 class=\"p1\" style=\"text-align: center;\">Collection NEXT<\/h4>\n<p class=\"p1\" style=\"text-align: center;\">Portes en finition synth\u00e9tique effet bois<\/p>\n<p>[\/vc_column_text][vc_btn title=\u00a0\u00bbVoir la collection\u00a0\u00bb style=\u00a0\u00bbcustom\u00a0\u00bb custom_text=\u00a0\u00bb#666666&Prime; shape=\u00a0\u00bbsquare\u00a0\u00bb size=\u00a0\u00bbsm\u00a0\u00bb align=\u00a0\u00bbcenter\u00a0\u00bb css=\u00a0\u00bb.vc_custom_1690187408875{margin-top: 16px !important;}\u00a0\u00bb link=\u00a0\u00bburl:https%3A%2F%2Fxyloporte.com%2Ffr%2Fproduits%2Fportes-a-finition-synthetique%2Fnext%2F|title:Next\u00a0\u00bb][\/vc_column][vc_column width=\u00a0\u00bb1\/3&Prime; css=\u00a0\u00bb.vc_custom_1599204425389{margin-bottom: 32px !important;}\u00a0\u00bb][vc_single_image image=\u00a0\u00bb1278&Prime; img_size=\u00a0\u00bbfull\u00a0\u00bb qode_css_animation=\u00a0\u00bb\u00a0\u00bb][vc_column_text]<\/p>\n<hr style=\"border: none; border-bottom: 1px dotted #2d2d2d; width: 30%; margin: 16px auto 16px auto;\" \/>\n<h4 class=\"p1\" style=\"text-align: center;\">Collection NEXT <i class=\"fa fa-plus-circle\" style=\"color: #ff3300;\"><\/i><\/h4>\n<p class=\"p1\" style=\"text-align: center;\">Portes en finition synth\u00e9tique effet bois<\/p>\n<p>[\/vc_column_text][vc_btn title=\u00a0\u00bbVoir la collection\u00a0\u00bb style=\u00a0\u00bbcustom\u00a0\u00bb custom_text=\u00a0\u00bb#666666&Prime; shape=\u00a0\u00bbsquare\u00a0\u00bb size=\u00a0\u00bbsm\u00a0\u00bb align=\u00a0\u00bbcenter\u00a0\u00bb css=\u00a0\u00bb.vc_custom_1690187420134{margin-top: 16px !important;}\u00a0\u00bb link=\u00a0\u00bburl:https%3A%2F%2Fxyloporte.com%2Ffr%2Fproduits%2Fportes-a-finition-synthetique%2Fnext-plus%2F|title:Next%2B\u00a0\u00bb][\/vc_column][\/vc_row][vc_row css_animation=\u00a0\u00bb\u00a0\u00bb row_type=\u00a0\u00bbrow\u00a0\u00bb use_row_as_full_screen_section=\u00a0\u00bbno\u00a0\u00bb type=\u00a0\u00bbfull_width\u00a0\u00bb angled_section=\u00a0\u00bbno\u00a0\u00bb text_align=\u00a0\u00bbleft\u00a0\u00bb background_image_as_pattern=\u00a0\u00bbwithout_pattern\u00a0\u00bb css=\u00a0\u00bb.vc_custom_1636369386906{margin-top: 32px !important;}\u00a0\u00bb z_index=\u00a0\u00bb\u00a0\u00bb][vc_column width=\u00a0\u00bb1\/6&Prime;][\/vc_column][vc_column width=\u00a0\u00bb1\/3&Prime;][vc_single_image image=\u00a0\u00bb1280&Prime; img_size=\u00a0\u00bbfull\u00a0\u00bb qode_css_animation=\u00a0\u00bb\u00a0\u00bb][vc_column_text]<\/p>\n<hr style=\"border: none; border-bottom: 1px dotted #2d2d2d; width: 30%; margin: 16px auto 16px auto;\" \/>\n<h4 class=\"p1\" style=\"text-align: center;\">Collection ZACK<\/h4>\n<p class=\"p1\" style=\"text-align: center;\">Portes en finition synth\u00e9tique effet bois<\/p>\n<p>[\/vc_column_text][vc_btn title=\u00a0\u00bbVoir la collection\u00a0\u00bb style=\u00a0\u00bbcustom\u00a0\u00bb custom_text=\u00a0\u00bb#666666&Prime; shape=\u00a0\u00bbsquare\u00a0\u00bb size=\u00a0\u00bbsm\u00a0\u00bb align=\u00a0\u00bbcenter\u00a0\u00bb css=\u00a0\u00bb.vc_custom_1690187432165{margin-top: 16px !important;}\u00a0\u00bb link=\u00a0\u00bburl:https%3A%2F%2Fxyloporte.com%2Ffr%2Fproduits%2Fportes-a-finition-synthetique%2Fzack%2F|title:Zack\u00a0\u00bb][\/vc_column][vc_column width=\u00a0\u00bb1\/3&Prime; css=\u00a0\u00bb.vc_custom_1599204447338{margin-bottom: 32px !important;}\u00a0\u00bb][vc_single_image image=\u00a0\u00bb1281&Prime; img_size=\u00a0\u00bbfull\u00a0\u00bb qode_css_animation=\u00a0\u00bb\u00a0\u00bb][vc_column_text]<\/p>\n<hr style=\"border: none; border-bottom: 1px dotted #2d2d2d; width: 30%; margin: 16px auto 16px auto;\" \/>\n<h4 class=\"p1\" style=\"text-align: center;\">Collection ZACK <i class=\"fa fa-plus-circle\" style=\"color: #ff3300;\"><\/i><\/h4>\n<p class=\"p1\" style=\"text-align: center;\">Portes en finition synth\u00e9tique effet bois<\/p>\n<p>[\/vc_column_text][vc_btn title=\u00a0\u00bbVoir la collection\u00a0\u00bb style=\u00a0\u00bbcustom\u00a0\u00bb custom_text=\u00a0\u00bb#666666&Prime; shape=\u00a0\u00bbsquare\u00a0\u00bb size=\u00a0\u00bbsm\u00a0\u00bb align=\u00a0\u00bbcenter\u00a0\u00bb css=\u00a0\u00bb.vc_custom_1690187444932{margin-top: 16px !important;}\u00a0\u00bb link=\u00a0\u00bburl:https%3A%2F%2Fxyloporte.com%2Ffr%2Fproduits%2Fportes-a-finition-synthetique%2Fzack-plus%2F|title:ZACK%2B\u00a0\u00bb][\/vc_column][vc_column width=\u00a0\u00bb1\/6&Prime;][\/vc_column][\/vc_row][vc_row css_animation=\u00a0\u00bb\u00a0\u00bb row_type=\u00a0\u00bbrow\u00a0\u00bb use_row_as_full_screen_section=\u00a0\u00bbno\u00a0\u00bb type=\u00a0\u00bbfull_width\u00a0\u00bb angled_section=\u00a0\u00bbno\u00a0\u00bb text_align=\u00a0\u00bbleft\u00a0\u00bb background_image_as_pattern=\u00a0\u00bbwithout_pattern\u00a0\u00bb el_class=\u00a0\u00bbtesto-a-sinistra\u00a0\u00bb z_index=\u00a0\u00bb\u00a0\u00bb][vc_column][vc_column_text]<\/p>\n<p style=\"text-align: right; margin: 0;\"><span style=\"font-size: 16px; line-height: 20px; letter-spacing: 1.6px; text-transform: uppercase;\">FINITION<\/span><br \/>\n<span style=\"font-size: 48px; line-height: 40px; text-transform: uppercase; font-weight: 600; padding-top: 8px; display: block;\">SYNTH\u00c9TIQUE<\/span><\/p>\n<p>[\/vc_column_text][\/vc_column][\/vc_row][\/vc_section]<\/p>\n<\/section>","protected":false},"excerpt":{"rendered":"<p>[vc_row equal_height=\u00a0\u00bbyes\u00a0\u00bb css_animation=\u00a0\u00bb\u00a0\u00bb row_type=\u00a0\u00bbrow\u00a0\u00bb use_row_as_full_screen_section=\u00a0\u00bbno\u00a0\u00bb type=\u00a0\u00bbfull_width\u00a0\u00bb angled_section=\u00a0\u00bbno\u00a0\u00bb text_align=\u00a0\u00bbleft\u00a0\u00bb background_image_as_pattern=\u00a0\u00bbwithout_pattern\u00a0\u00bb z_index=\u00a0\u00bb\u00a0\u00bb el_class=\u00a0\u00bbdescrizione-categoria\u00a0\u00bb css=\u00a0\u00bb.vc_custom_1598885948008{background-color: #cebf9e !important;}\u00a0\u00bb][vc_column width=\u00a0\u00bb2\/3&Prime;][vc_single_image image=\u00a0\u00bb432&Prime; img_size=\u00a0\u00bbfull\u00a0\u00bb qode_css_animation=\u00a0\u00bb\u00a0\u00bb][\/vc_column][vc_column width=\u00a0\u00bb1\/3&Prime;][vc_column_text css=\u00a0\u00bb.vc_custom_1689934822417{padding-top: 32px !important;padding-right: 32px !important;padding-bottom: 32px !important;padding-left: 32px !important;background-color: #cebf9e !important;}\u00a0\u00bb]Nos 6 collections de portes en finition synth\u00e9tique suivent les derni\u00e8res tendances en mati\u00e8re de design&#8230;.<\/p>\n","protected":false},"author":1,"featured_media":0,"parent":1824,"menu_order":0,"comment_status":"closed","ping_status":"closed","template":"","meta":{"_locale":"fr_FR","_original_post":"https:\/\/xyloporte.com\/?page_id=32"},"_links":{"self":[{"href":"https:\/\/xyloporte.com\/wp-json\/wp\/v2\/pages\/1828"}],"collection":[{"href":"https:\/\/xyloporte.com\/wp-json\/wp\/v2\/pages"}],"about":[{"href":"https:\/\/xyloporte.com\/wp-json\/wp\/v2\/types\/page"}],"author":[{"embeddable":true,"href":"https:\/\/xyloporte.com\/wp-json\/wp\/v2\/users\/1"}],"replies":[{"embeddable":true,"href":"https:\/\/xyloporte.com\/wp-json\/wp\/v2\/comments?post=1828"}],"version-history":[{"count":0,"href":"https:\/\/xyloporte.com\/wp-json\/wp\/v2\/pages\/1828\/revisions"}],"up":[{"embeddable":true,"href":"https:\/\/xyloporte.com\/wp-json\/wp\/v2\/pages\/1824"}],"wp:attachment":[{"href":"https:\/\/xyloporte.com\/wp-json\/wp\/v2\/media?parent=1828"}],"curies":[{"name":"wp","href":"https:\/\/api.w.org\/{rel}","templated":true}]}}