{"id":1861,"date":"2023-07-21T17:41:18","date_gmt":"2023-07-21T15:41:18","guid":{"rendered":"https:\/\/xyloporte.com\/?page_id=1861"},"modified":"2023-07-21T17:41:18","modified_gmt":"2023-07-21T15:41:18","slug":"extras-et-accessoires","status":"publish","type":"page","link":"https:\/\/xyloporte.com\/fr\/produits\/extras-et-accessoires\/","title":{"rendered":"Extras et accessoires"},"content":{"rendered":"<section class=\"wpb-content-wrapper\"><p>[vc_row equal_height=\u00a0\u00bbyes\u00a0\u00bb css_animation=\u00a0\u00bb\u00a0\u00bb row_type=\u00a0\u00bbrow\u00a0\u00bb use_row_as_full_screen_section=\u00a0\u00bbno\u00a0\u00bb type=\u00a0\u00bbfull_width\u00a0\u00bb angled_section=\u00a0\u00bbno\u00a0\u00bb text_align=\u00a0\u00bbleft\u00a0\u00bb background_image_as_pattern=\u00a0\u00bbwithout_pattern\u00a0\u00bb z_index=\u00a0\u00bb\u00a0\u00bb el_class=\u00a0\u00bbdescrizione-categoria\u00a0\u00bb css=\u00a0\u00bb.vc_custom_1598885948008{background-color: #cebf9e !important;}\u00a0\u00bb][vc_column width=\u00a0\u00bb2\/3&Prime;][vc_single_image image=\u00a0\u00bb822&Prime; img_size=\u00a0\u00bbfull\u00a0\u00bb qode_css_animation=\u00a0\u00bb\u00a0\u00bb][\/vc_column][vc_column width=\u00a0\u00bb1\/3&Prime;][vc_column_text css=\u00a0\u00bb.vc_custom_1689953869764{padding-top: 32px !important;padding-right: 32px !important;padding-bottom: 32px !important;padding-left: 32px !important;background-color: #cebf9e !important;}\u00a0\u00bb]Des portes en verre avec un choix de motifs et de d\u00e9corations qui nous identifient le mieux. Une s\u00e9rie de portes peut \u00eatre combin\u00e9e avec des mod\u00e8les de nos collections.<\/p>\n<p>Choisissez des accessoires pour personnaliser votre porte, des poign\u00e9es aux verres pr\u00e9teints, dans un large choix de mod\u00e8les et de variantes, parce que ce sont les d\u00e9tails qui donnent vie aux choses.[\/vc_column_text][\/vc_column][\/vc_row][vc_row css_animation=\u00a0\u00bb\u00a0\u00bb row_type=\u00a0\u00bbrow\u00a0\u00bb use_row_as_full_screen_section=\u00a0\u00bbno\u00a0\u00bb type=\u00a0\u00bbfull_width\u00a0\u00bb angled_section=\u00a0\u00bbno\u00a0\u00bb text_align=\u00a0\u00bbleft\u00a0\u00bb background_image_as_pattern=\u00a0\u00bbwithout_pattern\u00a0\u00bb css=\u00a0\u00bb.vc_custom_1600770328620{margin-top: 64px !important;margin-bottom: 64px !important;}\u00a0\u00bb z_index=\u00a0\u00bb\u00a0\u00bb][vc_column][vc_column_text]<\/p>\n<h2>Les collections VEDO et HYDE<\/h2>\n<p>[\/vc_column_text][\/vc_column][\/vc_row][vc_section el_class=\u00a0\u00bbcon-testo-a-sinistra\u00a0\u00bb][vc_row css_animation=\u00a0\u00bb\u00a0\u00bb row_type=\u00a0\u00bbrow\u00a0\u00bb use_row_as_full_screen_section=\u00a0\u00bbno\u00a0\u00bb type=\u00a0\u00bbfull_width\u00a0\u00bb angled_section=\u00a0\u00bbno\u00a0\u00bb text_align=\u00a0\u00bbleft\u00a0\u00bb background_image_as_pattern=\u00a0\u00bbwithout_pattern\u00a0\u00bb][vc_column width=\u00a0\u00bb1\/2&Prime; css=\u00a0\u00bb.vc_custom_1599204252550{margin-bottom: 32px !important;}\u00a0\u00bb][vc_single_image image=\u00a0\u00bb819&Prime; img_size=\u00a0\u00bbfull\u00a0\u00bb qode_css_animation=\u00a0\u00bb\u00a0\u00bb][vc_column_text]<\/p>\n<hr style=\"border: none; border-bottom: 1px dotted #2d2d2d; width: 30%; margin: 16px auto 16px auto;\" \/>\n<h4 class=\"p1\" style=\"text-align: center;\">Collection VEDO<\/h4>\n<p class=\"p1\" style=\"text-align: center;\">Portes avec cristaux<\/p>\n<p>[\/vc_column_text][vc_btn title=\u00a0\u00bbScopri di pi\u00f9\u00a0\u00bb style=\u00a0\u00bbcustom\u00a0\u00bb custom_text=\u00a0\u00bb#666666&Prime; shape=\u00a0\u00bbsquare\u00a0\u00bb size=\u00a0\u00bbsm\u00a0\u00bb align=\u00a0\u00bbcenter\u00a0\u00bb css=\u00a0\u00bb.vc_custom_1600769296430{margin-top: 16px !important;}\u00a0\u00bb link=\u00a0\u00bburl:https%3A%2F%2Fxyloporte.com%2Fprodotti%2Fvedo%2F|title:Exel\u00a0\u00bb][\/vc_column][vc_column width=\u00a0\u00bb1\/2&Prime; css=\u00a0\u00bb.vc_custom_1599204267854{margin-bottom: 32px !important;}\u00a0\u00bb][vc_single_image image=\u00a0\u00bb837&Prime; img_size=\u00a0\u00bbfull\u00a0\u00bb qode_css_animation=\u00a0\u00bb\u00a0\u00bb][vc_column_text]<\/p>\n<hr style=\"border: none; border-bottom: 1px dotted #2d2d2d; width: 30%; margin: 16px auto 16px auto;\" \/>\n<h4 class=\"p1\" style=\"text-align: center;\">Collection HYDE<\/h4>\n<p class=\"p1\" style=\"text-align: center;\">Portes et portails cach\u00e9s<\/p>\n<p>[\/vc_column_text][vc_btn title=\u00a0\u00bbScopri di pi\u00f9\u00a0\u00bb style=\u00a0\u00bbcustom\u00a0\u00bb custom_text=\u00a0\u00bb#666666&Prime; shape=\u00a0\u00bbsquare\u00a0\u00bb size=\u00a0\u00bbsm\u00a0\u00bb align=\u00a0\u00bbcenter\u00a0\u00bb css=\u00a0\u00bb.vc_custom_1600781407967{margin-top: 16px !important;}\u00a0\u00bb link=\u00a0\u00bburl:https%3A%2F%2Fxyloporte.com%2Fprodotti%2Fextra-e-accessori%2F835-2%2F|title:Raja%20laccati\u00a0\u00bb][\/vc_column][\/vc_row][vc_row css_animation=\u00a0\u00bb\u00a0\u00bb row_type=\u00a0\u00bbrow\u00a0\u00bb use_row_as_full_screen_section=\u00a0\u00bbno\u00a0\u00bb type=\u00a0\u00bbfull_width\u00a0\u00bb angled_section=\u00a0\u00bbno\u00a0\u00bb text_align=\u00a0\u00bbleft\u00a0\u00bb background_image_as_pattern=\u00a0\u00bbwithout_pattern\u00a0\u00bb css=\u00a0\u00bb.vc_custom_1600770392462{margin-top: 0px !important;margin-bottom: 64px !important;}\u00a0\u00bb z_index=\u00a0\u00bb\u00a0\u00bb][vc_column][vc_column_text]<\/p>\n<h2>Poign\u00e9es, vitres et portes de s\u00e9curit\u00e9<\/h2>\n<p>[\/vc_column_text][\/vc_column][\/vc_row][vc_row css_animation=\u00a0\u00bb\u00a0\u00bb row_type=\u00a0\u00bbrow\u00a0\u00bb use_row_as_full_screen_section=\u00a0\u00bbno\u00a0\u00bb type=\u00a0\u00bbfull_width\u00a0\u00bb angled_section=\u00a0\u00bbno\u00a0\u00bb text_align=\u00a0\u00bbleft\u00a0\u00bb background_image_as_pattern=\u00a0\u00bbwithout_pattern\u00a0\u00bb css=\u00a0\u00bb.vc_custom_1598884710434{margin-top: 32px !important;}\u00a0\u00bb z_index=\u00a0\u00bb\u00a0\u00bb][vc_column width=\u00a0\u00bb1\/3&Prime; css=\u00a0\u00bb.vc_custom_1599204277843{margin-bottom: 32px !important;}\u00a0\u00bb][vc_single_image image=\u00a0\u00bb1019&Prime; img_size=\u00a0\u00bbfull\u00a0\u00bb qode_css_animation=\u00a0\u00bb\u00a0\u00bb][vc_column_text]<\/p>\n<hr style=\"border: none; border-bottom: 1px dotted #2d2d2d; width: 30%; margin: 16px auto 16px auto;\" \/>\n<h4 class=\"p1\" style=\"text-align: center;\">Poign\u00e9es<\/h4>\n<p class=\"p1\" style=\"text-align: center;\">Syst\u00e8mes de verrouillage<\/p>\n<p>[\/vc_column_text][vc_btn title=\u00a0\u00bbScopri di pi\u00f9\u00a0\u00bb style=\u00a0\u00bbcustom\u00a0\u00bb custom_text=\u00a0\u00bb#666666&Prime; shape=\u00a0\u00bbsquare\u00a0\u00bb size=\u00a0\u00bbsm\u00a0\u00bb align=\u00a0\u00bbcenter\u00a0\u00bb css=\u00a0\u00bb.vc_custom_1600771310126{margin-top: 16px !important;}\u00a0\u00bb link=\u00a0\u00bburl:https%3A%2F%2Fxyloporte.com%2Fmaniglie%2F|title:Stok\u00a0\u00bb][\/vc_column][vc_column width=\u00a0\u00bb1\/3&Prime;][vc_single_image image=\u00a0\u00bb1184&Prime; img_size=\u00a0\u00bbfull\u00a0\u00bb qode_css_animation=\u00a0\u00bb\u00a0\u00bb][vc_column_text]<\/p>\n<hr style=\"border: none; border-bottom: 1px dotted #2d2d2d; width: 30%; margin: 16px auto 16px auto;\" \/>\n<h4 class=\"p1\" style=\"text-align: center;\">Vitrage<\/h4>\n<p class=\"p1\" style=\"text-align: center;\">Vitres pour \u00e9clairer les pi\u00e8ces<\/p>\n<p>[\/vc_column_text][vc_btn title=\u00a0\u00bbScopri di pi\u00f9\u00a0\u00bb style=\u00a0\u00bbcustom\u00a0\u00bb custom_text=\u00a0\u00bb#666666&Prime; shape=\u00a0\u00bbsquare\u00a0\u00bb size=\u00a0\u00bbsm\u00a0\u00bb align=\u00a0\u00bbcenter\u00a0\u00bb css=\u00a0\u00bb.vc_custom_1600769656905{margin-top: 16px !important;}\u00a0\u00bb link=\u00a0\u00bburl:https%3A%2F%2Fxyloporte.com%2Fvetri%2F|title:Stok\u00a0\u00bb][\/vc_column][vc_column width=\u00a0\u00bb1\/3&Prime;][vc_single_image image=\u00a0\u00bb1241&Prime; img_size=\u00a0\u00bbfull\u00a0\u00bb qode_css_animation=\u00a0\u00bb\u00a0\u00bb][vc_column_text]<\/p>\n<hr style=\"border: none; border-bottom: 1px dotted #2d2d2d; width: 30%; margin: 16px auto 16px auto;\" \/>\n<h4 class=\"p1\" style=\"text-align: center;\">Portes blind\u00e9es<\/h4>\n<p class=\"p1\" style=\"text-align: center;\">S\u00e9curit\u00e9 et \u00e9l\u00e9gance<\/p>\n<p>[\/vc_column_text][vc_btn title=\u00a0\u00bbScopri di pi\u00f9\u00a0\u00bb style=\u00a0\u00bbcustom\u00a0\u00bb custom_text=\u00a0\u00bb#666666&Prime; shape=\u00a0\u00bbsquare\u00a0\u00bb size=\u00a0\u00bbsm\u00a0\u00bb align=\u00a0\u00bbcenter\u00a0\u00bb css=\u00a0\u00bb.vc_custom_1610008307118{margin-top: 16px !important;}\u00a0\u00bb link=\u00a0\u00bburl:https%3A%2F%2Fxyloporte.com%2Fprodotti%2Fextra-e-accessori%2Fblindate%2F|title:Blindate\u00a0\u00bb][\/vc_column][\/vc_row][vc_row css_animation=\u00a0\u00bb\u00a0\u00bb row_type=\u00a0\u00bbrow\u00a0\u00bb use_row_as_full_screen_section=\u00a0\u00bbno\u00a0\u00bb type=\u00a0\u00bbfull_width\u00a0\u00bb angled_section=\u00a0\u00bbno\u00a0\u00bb text_align=\u00a0\u00bbleft\u00a0\u00bb background_image_as_pattern=\u00a0\u00bbwithout_pattern\u00a0\u00bb el_class=\u00a0\u00bbtesto-a-sinistra\u00a0\u00bb z_index=\u00a0\u00bb\u00a0\u00bb][vc_column][vc_column_text]<\/p>\n<p style=\"text-align: right; margin: 0;\"><span style=\"font-size: 16px; line-height: 20px; letter-spacing: 1.6px; text-transform: uppercase;\">extras et<\/span><br \/>\n<span style=\"font-size: 48px; line-height: 40px; text-transform: uppercase; font-weight: 600; padding-top: 8px; display: block;\">Accessoires<\/span><\/p>\n<p>[\/vc_column_text][\/vc_column][\/vc_row][\/vc_section]<\/p>\n<\/section>","protected":false},"excerpt":{"rendered":"<p>[vc_row equal_height=\u00a0\u00bbyes\u00a0\u00bb css_animation=\u00a0\u00bb\u00a0\u00bb row_type=\u00a0\u00bbrow\u00a0\u00bb use_row_as_full_screen_section=\u00a0\u00bbno\u00a0\u00bb type=\u00a0\u00bbfull_width\u00a0\u00bb angled_section=\u00a0\u00bbno\u00a0\u00bb text_align=\u00a0\u00bbleft\u00a0\u00bb background_image_as_pattern=\u00a0\u00bbwithout_pattern\u00a0\u00bb z_index=\u00a0\u00bb\u00a0\u00bb el_class=\u00a0\u00bbdescrizione-categoria\u00a0\u00bb css=\u00a0\u00bb.vc_custom_1598885948008{background-color: #cebf9e !important;}\u00a0\u00bb][vc_column width=\u00a0\u00bb2\/3&Prime;][vc_single_image image=\u00a0\u00bb822&Prime; img_size=\u00a0\u00bbfull\u00a0\u00bb qode_css_animation=\u00a0\u00bb\u00a0\u00bb][\/vc_column][vc_column width=\u00a0\u00bb1\/3&Prime;][vc_column_text css=\u00a0\u00bb.vc_custom_1689953869764{padding-top: 32px !important;padding-right: 32px !important;padding-bottom: 32px !important;padding-left: 32px !important;background-color: #cebf9e !important;}\u00a0\u00bb]Des portes en verre avec un choix de motifs et de d\u00e9corations qui nous identifient le&#8230;<\/p>\n","protected":false},"author":1,"featured_media":0,"parent":1824,"menu_order":0,"comment_status":"closed","ping_status":"closed","template":"","meta":{"_locale":"fr_FR","_original_post":"https:\/\/xyloporte.com\/?page_id=1303"},"_links":{"self":[{"href":"https:\/\/xyloporte.com\/wp-json\/wp\/v2\/pages\/1861"}],"collection":[{"href":"https:\/\/xyloporte.com\/wp-json\/wp\/v2\/pages"}],"about":[{"href":"https:\/\/xyloporte.com\/wp-json\/wp\/v2\/types\/page"}],"author":[{"embeddable":true,"href":"https:\/\/xyloporte.com\/wp-json\/wp\/v2\/users\/1"}],"replies":[{"embeddable":true,"href":"https:\/\/xyloporte.com\/wp-json\/wp\/v2\/comments?post=1861"}],"version-history":[{"count":0,"href":"https:\/\/xyloporte.com\/wp-json\/wp\/v2\/pages\/1861\/revisions"}],"up":[{"embeddable":true,"href":"https:\/\/xyloporte.com\/wp-json\/wp\/v2\/pages\/1824"}],"wp:attachment":[{"href":"https:\/\/xyloporte.com\/wp-json\/wp\/v2\/media?parent=1861"}],"curies":[{"name":"wp","href":"https:\/\/api.w.org\/{rel}","templated":true}]}}