{"id":1864,"date":"2023-07-21T17:52:41","date_gmt":"2023-07-21T15:52:41","guid":{"rendered":"https:\/\/xyloporte.com\/?page_id=1864"},"modified":"2023-07-21T17:53:35","modified_gmt":"2023-07-21T15:53:35","slug":"hyde","status":"publish","type":"page","link":"https:\/\/xyloporte.com\/fr\/produits\/extras-et-accessoires\/hyde\/","title":{"rendered":"HYDE"},"content":{"rendered":"<section class=\"wpb-content-wrapper\"><p>[vc_row equal_height=\u00a0\u00bbyes\u00a0\u00bb css_animation=\u00a0\u00bb\u00a0\u00bb row_type=\u00a0\u00bbrow\u00a0\u00bb use_row_as_full_screen_section=\u00a0\u00bbno\u00a0\u00bb type=\u00a0\u00bbfull_width\u00a0\u00bb angled_section=\u00a0\u00bbno\u00a0\u00bb text_align=\u00a0\u00bbleft\u00a0\u00bb background_image_as_pattern=\u00a0\u00bbwithout_pattern\u00a0\u00bb z_index=\u00a0\u00bb\u00a0\u00bb el_class=\u00a0\u00bbdescrizione-categoria\u00a0\u00bb css=\u00a0\u00bb.vc_custom_1598885948008{background-color: #cebf9e !important;}\u00a0\u00bb][vc_column][vc_gallery interval=\u00a0\u00bb3&Prime; images=\u00a0\u00bb838,839&Prime; img_size=\u00a0\u00bblarge\u00a0\u00bb control_nav=\u00a0\u00bbyes\u00a0\u00bb show_image_description=\u00a0\u00bbyes\u00a0\u00bb el_class=\u00a0\u00bbgalleria-prodotti-ambientati\u00a0\u00bb][\/vc_column][\/vc_row][vc_row css_animation=\u00a0\u00bb\u00a0\u00bb row_type=\u00a0\u00bbrow\u00a0\u00bb use_row_as_full_screen_section=\u00a0\u00bbno\u00a0\u00bb type=\u00a0\u00bbfull_width\u00a0\u00bb angled_section=\u00a0\u00bbno\u00a0\u00bb text_align=\u00a0\u00bbleft\u00a0\u00bb background_image_as_pattern=\u00a0\u00bbwithout_pattern\u00a0\u00bb css=\u00a0\u00bb.vc_custom_1598886225167{margin-top: 64px !important;margin-bottom: 64px !important;}\u00a0\u00bb z_index=\u00a0\u00bb\u00a0\u00bb][vc_column][vc_column_text]<\/p>\n<h2 class=\"p1\">Les portes de cette collection<\/h2>\n<p>[\/vc_column_text][\/vc_column][\/vc_row][vc_section el_class=\u00a0\u00bbcon-testo-a-sinistra\u00a0\u00bb][vc_row css_animation=\u00a0\u00bb\u00a0\u00bb row_type=\u00a0\u00bbrow\u00a0\u00bb use_row_as_full_screen_section=\u00a0\u00bbno\u00a0\u00bb type=\u00a0\u00bbfull_width\u00a0\u00bb angled_section=\u00a0\u00bbno\u00a0\u00bb text_align=\u00a0\u00bbleft\u00a0\u00bb background_image_as_pattern=\u00a0\u00bbwithout_pattern\u00a0\u00bb el_class=\u00a0\u00bbtesto-a-sinistra\u00a0\u00bb z_index=\u00a0\u00bb\u00a0\u00bb][vc_column][vc_column_text]<\/p>\n<p style=\"text-align: right; margin: 0;\"><span style=\"font-size: 16px; line-height: 20px; letter-spacing: 1.6px; text-transform: uppercase;\">Collection<\/span><br \/>\n<span style=\"font-size: 48px; line-height: 40px; text-transform: uppercase; font-weight: 600; padding-top: 8px; display: block;\">Hyde<\/span><\/p>\n<p>[\/vc_column_text][\/vc_column][\/vc_row][vc_row css_animation=\u00a0\u00bb\u00a0\u00bb row_type=\u00a0\u00bbrow\u00a0\u00bb use_row_as_full_screen_section=\u00a0\u00bbno\u00a0\u00bb type=\u00a0\u00bbfull_width\u00a0\u00bb angled_section=\u00a0\u00bbno\u00a0\u00bb text_align=\u00a0\u00bbleft\u00a0\u00bb background_image_as_pattern=\u00a0\u00bbwithout_pattern\u00a0\u00bb css=\u00a0\u00bb.vc_custom_1600179428078{margin-top: 64px !important;margin-bottom: 32px !important;}\u00a0\u00bb z_index=\u00a0\u00bb\u00a0\u00bb][vc_column width=\u00a0\u00bb1\/2&Prime;][vc_single_image image=\u00a0\u00bb855&Prime; img_size=\u00a0\u00bbfull\u00a0\u00bb qode_css_animation=\u00a0\u00bb\u00a0\u00bb][\/vc_column][vc_column width=\u00a0\u00bb1\/2&Prime;][vc_column_text]<b>Portes cach\u00e9es<\/b><\/p>\n<p>Une collection de portes cach\u00e9es pour cr\u00e9er des passages dissimul\u00e9s sans interrompre la continuit\u00e9 du mur.[\/vc_column_text][\/vc_column][\/vc_row][vc_row css_animation=\u00a0\u00bb\u00a0\u00bb row_type=\u00a0\u00bbrow\u00a0\u00bb use_row_as_full_screen_section=\u00a0\u00bbno\u00a0\u00bb type=\u00a0\u00bbfull_width\u00a0\u00bb angled_section=\u00a0\u00bbno\u00a0\u00bb text_align=\u00a0\u00bbleft\u00a0\u00bb background_image_as_pattern=\u00a0\u00bbwithout_pattern\u00a0\u00bb css=\u00a0\u00bb.vc_custom_1600179442053{margin-top: 64px !important;margin-bottom: 32px !important;}\u00a0\u00bb z_index=\u00a0\u00bb\u00a0\u00bb][vc_column width=\u00a0\u00bb1\/2&Prime;][vc_column_text]<b>Portails et cloisons<\/b><\/p>\n<p>Des portails et cloisons murales, fabriqu\u00e9s avec le m\u00eame soin que nos portes, pour un style uniforme.[\/vc_column_text][\/vc_column][vc_column width=\u00a0\u00bb1\/2&Prime;][vc_single_image image=\u00a0\u00bb837&Prime; img_size=\u00a0\u00bbfull\u00a0\u00bb qode_css_animation=\u00a0\u00bb\u00a0\u00bb][\/vc_column][\/vc_row][vc_row css_animation=\u00a0\u00bb\u00a0\u00bb row_type=\u00a0\u00bbrow\u00a0\u00bb use_row_as_full_screen_section=\u00a0\u00bbno\u00a0\u00bb type=\u00a0\u00bbfull_width\u00a0\u00bb angled_section=\u00a0\u00bbno\u00a0\u00bb text_align=\u00a0\u00bbleft\u00a0\u00bb background_image_as_pattern=\u00a0\u00bbwithout_pattern\u00a0\u00bb css=\u00a0\u00bb.vc_custom_1599037901377{margin-bottom: 32px !important;}\u00a0\u00bb z_index=\u00a0\u00bb\u00a0\u00bb][vc_column width=\u00a0\u00bb1\/3&Prime;][vc_column_text css=\u00a0\u00bb.vc_custom_1689954757303{border-top-width: 1px !important;padding-top: 8px !important;border-top-color: #2d2d2d !important;border-top-style: solid !important;}\u00a0\u00bb]<\/p>\n<h3>Boutons<\/h3>\n<p>[\/vc_column_text][vc_media_grid element_width=\u00a0\u00bb3&Prime; item=\u00a0\u00bb48&Prime; grid_id=\u00a0\u00bbvc_gid:1689954498273-00246fc2-03d9-4&Prime; el_class=\u00a0\u00bbgriglia griglia-piccola\u00a0\u00bb include=\u00a0\u00bb870,869,879,867,873,878,872&Prime;][\/vc_column][vc_column width=\u00a0\u00bb1\/3&Prime;][vc_column_text css=\u00a0\u00bb.vc_custom_1689954736502{border-top-width: 1px !important;padding-top: 8px !important;border-top-color: #2d2d2d !important;border-top-style: solid !important;}\u00a0\u00bb]<\/p>\n<h3>Poign\u00e9es<\/h3>\n<p>[\/vc_column_text][vc_media_grid element_width=\u00a0\u00bb3&Prime; item=\u00a0\u00bb48&Prime; grid_id=\u00a0\u00bbvc_gid:1689954498298-ec5597ca-7ac0-2&Prime; include=\u00a0\u00bb875,874&Prime; el_class=\u00a0\u00bbgriglia griglia-piccola\u00a0\u00bb][\/vc_column][vc_column width=\u00a0\u00bb1\/3&Prime;][vc_column_text css=\u00a0\u00bb.vc_custom_1689954726298{border-top-width: 1px !important;padding-top: 8px !important;border-top-color: #2d2d2d !important;border-top-style: solid !important;}\u00a0\u00bb]<\/p>\n<h3>Charni\u00e8res<\/h3>\n<p>[\/vc_column_text][vc_media_grid element_width=\u00a0\u00bb3&Prime; item=\u00a0\u00bb48&Prime; grid_id=\u00a0\u00bbvc_gid:1689954498302-6cddc106-43c2-0&Prime; include=\u00a0\u00bb49,865&Prime; el_class=\u00a0\u00bbgriglia griglia-piccola\u00a0\u00bb][\/vc_column][\/vc_row][\/vc_section]<\/p>\n<\/section>","protected":false},"excerpt":{"rendered":"<p>[vc_row equal_height=\u00a0\u00bbyes\u00a0\u00bb css_animation=\u00a0\u00bb\u00a0\u00bb row_type=\u00a0\u00bbrow\u00a0\u00bb use_row_as_full_screen_section=\u00a0\u00bbno\u00a0\u00bb type=\u00a0\u00bbfull_width\u00a0\u00bb angled_section=\u00a0\u00bbno\u00a0\u00bb text_align=\u00a0\u00bbleft\u00a0\u00bb background_image_as_pattern=\u00a0\u00bbwithout_pattern\u00a0\u00bb z_index=\u00a0\u00bb\u00a0\u00bb el_class=\u00a0\u00bbdescrizione-categoria\u00a0\u00bb css=\u00a0\u00bb.vc_custom_1598885948008{background-color: #cebf9e !important;}\u00a0\u00bb][vc_column][vc_gallery interval=\u00a0\u00bb3&Prime; images=\u00a0\u00bb838,839&Prime; img_size=\u00a0\u00bblarge\u00a0\u00bb control_nav=\u00a0\u00bbyes\u00a0\u00bb show_image_description=\u00a0\u00bbyes\u00a0\u00bb el_class=\u00a0\u00bbgalleria-prodotti-ambientati\u00a0\u00bb][\/vc_column][\/vc_row][vc_row css_animation=\u00a0\u00bb\u00a0\u00bb row_type=\u00a0\u00bbrow\u00a0\u00bb use_row_as_full_screen_section=\u00a0\u00bbno\u00a0\u00bb type=\u00a0\u00bbfull_width\u00a0\u00bb angled_section=\u00a0\u00bbno\u00a0\u00bb text_align=\u00a0\u00bbleft\u00a0\u00bb background_image_as_pattern=\u00a0\u00bbwithout_pattern\u00a0\u00bb css=\u00a0\u00bb.vc_custom_1598886225167{margin-top: 64px !important;margin-bottom: 64px !important;}\u00a0\u00bb z_index=\u00a0\u00bb\u00a0\u00bb][vc_column][vc_column_text] Les portes de cette collection [\/vc_column_text][\/vc_column][\/vc_row][vc_section el_class=\u00a0\u00bbcon-testo-a-sinistra\u00a0\u00bb][vc_row css_animation=\u00a0\u00bb\u00a0\u00bb row_type=\u00a0\u00bbrow\u00a0\u00bb use_row_as_full_screen_section=\u00a0\u00bbno\u00a0\u00bb type=\u00a0\u00bbfull_width\u00a0\u00bb angled_section=\u00a0\u00bbno\u00a0\u00bb&#8230;<\/p>\n","protected":false},"author":1,"featured_media":0,"parent":1861,"menu_order":0,"comment_status":"closed","ping_status":"closed","template":"","meta":{"_locale":"fr_FR","_original_post":"https:\/\/xyloporte.com\/?page_id=835"},"_links":{"self":[{"href":"https:\/\/xyloporte.com\/wp-json\/wp\/v2\/pages\/1864"}],"collection":[{"href":"https:\/\/xyloporte.com\/wp-json\/wp\/v2\/pages"}],"about":[{"href":"https:\/\/xyloporte.com\/wp-json\/wp\/v2\/types\/page"}],"author":[{"embeddable":true,"href":"https:\/\/xyloporte.com\/wp-json\/wp\/v2\/users\/1"}],"replies":[{"embeddable":true,"href":"https:\/\/xyloporte.com\/wp-json\/wp\/v2\/comments?post=1864"}],"version-history":[{"count":0,"href":"https:\/\/xyloporte.com\/wp-json\/wp\/v2\/pages\/1864\/revisions"}],"up":[{"embeddable":true,"href":"https:\/\/xyloporte.com\/wp-json\/wp\/v2\/pages\/1861"}],"wp:attachment":[{"href":"https:\/\/xyloporte.com\/wp-json\/wp\/v2\/media?parent=1864"}],"curies":[{"name":"wp","href":"https:\/\/api.w.org\/{rel}","templated":true}]}}