{"id":1869,"date":"2023-07-21T17:57:07","date_gmt":"2023-07-21T15:57:07","guid":{"rendered":"https:\/\/xyloporte.com\/?page_id=1869"},"modified":"2023-07-21T17:57:07","modified_gmt":"2023-07-21T15:57:07","slug":"poignees","status":"publish","type":"page","link":"https:\/\/xyloporte.com\/fr\/produits\/extras-et-accessoires\/poignees\/","title":{"rendered":"Poign\u00e9es"},"content":{"rendered":"<section class=\"wpb-content-wrapper\"><p>[vc_row equal_height=\u00a0\u00bbyes\u00a0\u00bb css_animation=\u00a0\u00bb\u00a0\u00bb row_type=\u00a0\u00bbrow\u00a0\u00bb use_row_as_full_screen_section=\u00a0\u00bbno\u00a0\u00bb type=\u00a0\u00bbfull_width\u00a0\u00bb angled_section=\u00a0\u00bbno\u00a0\u00bb text_align=\u00a0\u00bbleft\u00a0\u00bb background_image_as_pattern=\u00a0\u00bbwithout_pattern\u00a0\u00bb z_index=\u00a0\u00bb\u00a0\u00bb el_class=\u00a0\u00bbdescrizione-categoria\u00a0\u00bb css=\u00a0\u00bb.vc_custom_1598885948008{background-color: #cebf9e !important;}\u00a0\u00bb][vc_column width=\u00a0\u00bb1\/3&Prime;][vc_column_text css=\u00a0\u00bb.vc_custom_1689954902288{padding-top: 32px !important;padding-right: 32px !important;padding-bottom: 32px !important;padding-left: 32px !important;background-color: #cebf9e !important;}\u00a0\u00bb]Le premier \u00e9l\u00e9ment de contact avec une porte est la poign\u00e9e. Si le choix de la porte est important, car elle deviendra l&rsquo;un des \u00e9l\u00e9ments les plus importants de votre maison, le choix de la poign\u00e9e pour l&rsquo;ouvrir l&rsquo;est tout autant. Prenez le temps de choisir ces accessoires : votre maison vous en remerciera.<\/p>\n<p>Les poign\u00e9es pr\u00e9sent\u00e9es sur cette page peuvent \u00eatre produites dans les finitions assorties \u00e0 la quincaillerie utilis\u00e9e sur les portes et selon le style qui correspond le mieux \u00e0 vos go\u00fbts.[\/vc_column_text][\/vc_column][vc_column width=\u00a0\u00bb2\/3&Prime;][vc_gallery interval=\u00a0\u00bb3&Prime; images=\u00a0\u00bb1019,1020&Prime; img_size=\u00a0\u00bblarge\u00a0\u00bb control_nav=\u00a0\u00bbyes\u00a0\u00bb show_image_description=\u00a0\u00bbyes\u00a0\u00bb el_class=\u00a0\u00bbgalleria-prodotti-ambientati\u00a0\u00bb][\/vc_column][\/vc_row][vc_row css_animation=\u00a0\u00bb\u00a0\u00bb row_type=\u00a0\u00bbrow\u00a0\u00bb use_row_as_full_screen_section=\u00a0\u00bbno\u00a0\u00bb type=\u00a0\u00bbfull_width\u00a0\u00bb angled_section=\u00a0\u00bbno\u00a0\u00bb text_align=\u00a0\u00bbleft\u00a0\u00bb background_image_as_pattern=\u00a0\u00bbwithout_pattern\u00a0\u00bb css=\u00a0\u00bb.vc_custom_1598886225167{margin-top: 64px !important;margin-bottom: 64px !important;}\u00a0\u00bb z_index=\u00a0\u00bb\u00a0\u00bb][vc_column][\/vc_column][\/vc_row][vc_section el_class=\u00a0\u00bbcon-testo-a-sinistra\u00a0\u00bb][vc_row css_animation=\u00a0\u00bb\u00a0\u00bb row_type=\u00a0\u00bbrow\u00a0\u00bb use_row_as_full_screen_section=\u00a0\u00bbno\u00a0\u00bb type=\u00a0\u00bbfull_width\u00a0\u00bb angled_section=\u00a0\u00bbno\u00a0\u00bb text_align=\u00a0\u00bbleft\u00a0\u00bb background_image_as_pattern=\u00a0\u00bbwithout_pattern\u00a0\u00bb css=\u00a0\u00bb.vc_custom_1676460903870{margin-bottom: 32px !important;}\u00a0\u00bb z_index=\u00a0\u00bb\u00a0\u00bb el_class=\u00a0\u00bbmaniglie-fresate\u00a0\u00bb][vc_column][vc_column_text css=\u00a0\u00bb.vc_custom_1689954924370{border-top-width: 1px !important;padding-top: 8px !important;border-top-color: #2d2d2d !important;border-top-style: solid !important;}\u00a0\u00bb]<\/p>\n<h3>Poign\u00e9es frais\u00e9es<\/h3>\n<p>[\/vc_column_text][vc_row_inner row_type=\u00a0\u00bbrow\u00a0\u00bb type=\u00a0\u00bbfull_width\u00a0\u00bb text_align=\u00a0\u00bbleft\u00a0\u00bb css_animation=\u00a0\u00bb\u00a0\u00bb][vc_column_inner width=\u00a0\u00bb1\/3&Prime;][vc_column_text]La poign\u00e9e frais\u00e9e est disponible en version grande (DIG), moyenne (GASH) ou petite (HOLE).<\/p>\n<p>Les portes battantes sont r\u00e9alis\u00e9es en s\u00e9rie avec la serrure magn\u00e9tique TOUCH (serrure non disponible).<\/p>\n<p>Portes coulissantes r\u00e9alis\u00e9es avec fermeture sans serrure.<\/p>\n<p>R\u00e9alisable sur les portes des s\u00e9ries <a href=\"https:\/\/xyloporte.com\/fr\/produits\/portes-en-finition-laquee\/exel\/\">EXEL<\/a> et <a href=\"https:\/\/xyloporte.com\/fr\/produits\/extras-et-accessoires\/hyde\/\">HYDE<\/a>.[\/vc_column_text][\/vc_column_inner][vc_column_inner width=\u00a0\u00bb2\/3&Prime;][vc_gallery interval=\u00a0\u00bb3&Prime; images=\u00a0\u00bb1728,1729&Prime; img_size=\u00a0\u00bbfull\u00a0\u00bb control_nav=\u00a0\u00bbyes\u00a0\u00bb show_image_description=\u00a0\u00bbyes\u00a0\u00bb el_class=\u00a0\u00bbgalleria-prodotti-ambientati\u00a0\u00bb][\/vc_column_inner][\/vc_row_inner][\/vc_column][\/vc_row][vc_row css_animation=\u00a0\u00bb\u00a0\u00bb row_type=\u00a0\u00bbrow\u00a0\u00bb use_row_as_full_screen_section=\u00a0\u00bbno\u00a0\u00bb type=\u00a0\u00bbfull_width\u00a0\u00bb angled_section=\u00a0\u00bbno\u00a0\u00bb text_align=\u00a0\u00bbleft\u00a0\u00bb background_image_as_pattern=\u00a0\u00bbwithout_pattern\u00a0\u00bb css=\u00a0\u00bb.vc_custom_1599037909241{margin-bottom: 32px !important;}\u00a0\u00bb z_index=\u00a0\u00bb\u00a0\u00bb][vc_column][vc_column_text css=\u00a0\u00bb.vc_custom_1689954977646{border-top-width: 1px !important;padding-top: 8px !important;border-top-color: #2d2d2d !important;border-top-style: solid !important;}\u00a0\u00bb]<\/p>\n<h3>Poign\u00e9es<\/h3>\n<p>[\/vc_column_text][vc_media_grid item=\u00a0\u00bb1192&Prime; grid_id=\u00a0\u00bbvc_gid:1689954884565-eb3e498a-937f-7&Prime; include=\u00a0\u00bb951,952,953,954,955,956,957,958,959,960,961,962,963,964,965,966,967,968,969,970,971,972&Prime; el_class=\u00a0\u00bbgriglia griglia-maniglie\u00a0\u00bb][\/vc_column][\/vc_row][vc_row css_animation=\u00a0\u00bb\u00a0\u00bb row_type=\u00a0\u00bbrow\u00a0\u00bb use_row_as_full_screen_section=\u00a0\u00bbno\u00a0\u00bb type=\u00a0\u00bbfull_width\u00a0\u00bb angled_section=\u00a0\u00bbno\u00a0\u00bb text_align=\u00a0\u00bbleft\u00a0\u00bb background_image_as_pattern=\u00a0\u00bbwithout_pattern\u00a0\u00bb css=\u00a0\u00bb.vc_custom_1599037909241{margin-bottom: 32px !important;}\u00a0\u00bb z_index=\u00a0\u00bb\u00a0\u00bb][vc_column width=\u00a0\u00bb1\/2&Prime;][vc_column_text css=\u00a0\u00bb.vc_custom_1689954997852{border-top-width: 1px !important;padding-top: 8px !important;border-top-color: #2d2d2d !important;border-top-style: solid !important;}\u00a0\u00bb]<\/p>\n<h3>Kit rond pour portes coulissantes<\/h3>\n<p>[\/vc_column_text][vc_media_grid element_width=\u00a0\u00bb3&Prime; item=\u00a0\u00bb1192&Prime; grid_id=\u00a0\u00bbvc_gid:1689954884583-12b9ff62-2a4f-10&Prime; include=\u00a0\u00bb1220,1218,1219,1227&Prime; el_class=\u00a0\u00bbgriglia\u00a0\u00bb][\/vc_column][vc_column width=\u00a0\u00bb1\/2&Prime;][vc_column_text css=\u00a0\u00bb.vc_custom_1689955006932{border-top-width: 1px !important;padding-top: 8px !important;border-top-color: #2d2d2d !important;border-top-style: solid !important;}\u00a0\u00bb]<\/p>\n<h3>Kit QUADRA pour portes coulissantes<\/h3>\n<p>[\/vc_column_text][vc_media_grid element_width=\u00a0\u00bb3&Prime; item=\u00a0\u00bb1192&Prime; grid_id=\u00a0\u00bbvc_gid:1689954884587-177ae37f-f6ef-1&Prime; include=\u00a0\u00bb1223,1228,1229,1230&Prime; el_class=\u00a0\u00bbgriglia\u00a0\u00bb][\/vc_column][\/vc_row][vc_row css_animation=\u00a0\u00bb\u00a0\u00bb row_type=\u00a0\u00bbrow\u00a0\u00bb use_row_as_full_screen_section=\u00a0\u00bbno\u00a0\u00bb type=\u00a0\u00bbfull_width\u00a0\u00bb angled_section=\u00a0\u00bbno\u00a0\u00bb text_align=\u00a0\u00bbleft\u00a0\u00bb background_image_as_pattern=\u00a0\u00bbwithout_pattern\u00a0\u00bb css=\u00a0\u00bb.vc_custom_1599037901377{margin-bottom: 32px !important;}\u00a0\u00bb z_index=\u00a0\u00bb\u00a0\u00bb][vc_column][vc_column_text css=\u00a0\u00bb.vc_custom_1689955015908{border-top-width: 1px !important;padding-top: 8px !important;border-top-color: #2d2d2d !important;border-top-style: solid !important;}\u00a0\u00bb]<\/p>\n<h3>Boutons<\/h3>\n<p>[\/vc_column_text][vc_media_grid element_width=\u00a0\u00bb3&Prime; item=\u00a0\u00bb1192&Prime; grid_id=\u00a0\u00bbvc_gid:1689954884590-2981128b-65c8-4&Prime; el_class=\u00a0\u00bbgriglia\u00a0\u00bb include=\u00a0\u00bb988,986,987,985,984,983,981,982,980&Prime;][\/vc_column][\/vc_row][\/vc_section]<\/p>\n<\/section>","protected":false},"excerpt":{"rendered":"<p>[vc_row equal_height=\u00a0\u00bbyes\u00a0\u00bb css_animation=\u00a0\u00bb\u00a0\u00bb row_type=\u00a0\u00bbrow\u00a0\u00bb use_row_as_full_screen_section=\u00a0\u00bbno\u00a0\u00bb type=\u00a0\u00bbfull_width\u00a0\u00bb angled_section=\u00a0\u00bbno\u00a0\u00bb text_align=\u00a0\u00bbleft\u00a0\u00bb background_image_as_pattern=\u00a0\u00bbwithout_pattern\u00a0\u00bb z_index=\u00a0\u00bb\u00a0\u00bb el_class=\u00a0\u00bbdescrizione-categoria\u00a0\u00bb css=\u00a0\u00bb.vc_custom_1598885948008{background-color: #cebf9e !important;}\u00a0\u00bb][vc_column width=\u00a0\u00bb1\/3&Prime;][vc_column_text css=\u00a0\u00bb.vc_custom_1689954902288{padding-top: 32px !important;padding-right: 32px !important;padding-bottom: 32px !important;padding-left: 32px !important;background-color: #cebf9e !important;}\u00a0\u00bb]Le premier \u00e9l\u00e9ment de contact avec une porte est la poign\u00e9e. Si le choix de la porte est important, car&#8230;<\/p>\n","protected":false},"author":1,"featured_media":0,"parent":1861,"menu_order":0,"comment_status":"closed","ping_status":"closed","template":"","meta":{"_locale":"fr_FR","_original_post":"https:\/\/xyloporte.com\/?page_id=928"},"_links":{"self":[{"href":"https:\/\/xyloporte.com\/wp-json\/wp\/v2\/pages\/1869"}],"collection":[{"href":"https:\/\/xyloporte.com\/wp-json\/wp\/v2\/pages"}],"about":[{"href":"https:\/\/xyloporte.com\/wp-json\/wp\/v2\/types\/page"}],"author":[{"embeddable":true,"href":"https:\/\/xyloporte.com\/wp-json\/wp\/v2\/users\/1"}],"replies":[{"embeddable":true,"href":"https:\/\/xyloporte.com\/wp-json\/wp\/v2\/comments?post=1869"}],"version-history":[{"count":0,"href":"https:\/\/xyloporte.com\/wp-json\/wp\/v2\/pages\/1869\/revisions"}],"up":[{"embeddable":true,"href":"https:\/\/xyloporte.com\/wp-json\/wp\/v2\/pages\/1861"}],"wp:attachment":[{"href":"https:\/\/xyloporte.com\/wp-json\/wp\/v2\/media?parent=1869"}],"curies":[{"name":"wp","href":"https:\/\/api.w.org\/{rel}","templated":true}]}}