{"id":1872,"date":"2023-07-24T09:13:26","date_gmt":"2023-07-24T07:13:26","guid":{"rendered":"https:\/\/xyloporte.com\/?page_id=1872"},"modified":"2023-07-24T09:13:26","modified_gmt":"2023-07-24T07:13:26","slug":"portes-blindees","status":"publish","type":"page","link":"https:\/\/xyloporte.com\/fr\/produits\/extras-et-accessoires\/portes-blindees\/","title":{"rendered":"Portes blind\u00e9es"},"content":{"rendered":"<section class=\"wpb-content-wrapper\"><p>[vc_row equal_height=\u00a0\u00bbyes\u00a0\u00bb css_animation=\u00a0\u00bb\u00a0\u00bb row_type=\u00a0\u00bbrow\u00a0\u00bb use_row_as_full_screen_section=\u00a0\u00bbno\u00a0\u00bb type=\u00a0\u00bbfull_width\u00a0\u00bb angled_section=\u00a0\u00bbno\u00a0\u00bb text_align=\u00a0\u00bbleft\u00a0\u00bb background_image_as_pattern=\u00a0\u00bbwithout_pattern\u00a0\u00bb z_index=\u00a0\u00bb\u00a0\u00bb el_class=\u00a0\u00bbdescrizione-categoria\u00a0\u00bb css=\u00a0\u00bb.vc_custom_1598885948008{background-color: #cebf9e !important;}\u00a0\u00bb][vc_column width=\u00a0\u00bb1\/3&Prime;][vc_column_text css=\u00a0\u00bb.vc_custom_1690182753396{padding-top: 32px !important;padding-right: 32px !important;padding-bottom: 32px !important;padding-left: 32px !important;background-color: #cebf9e !important;}\u00a0\u00bb]La s\u00e9curit\u00e9 de votre habitation est l&rsquo;un des aspects qu&rsquo;il ne faut pas n\u00e9gliger. Les portes Xylo vous y aident \u00e9galement, en vous offrant la possibilit\u00e9 d&rsquo;\u00e9quiper vos portes de syst\u00e8mes blind\u00e9s et de serrures de s\u00e9curit\u00e9.[\/vc_column_text][\/vc_column][vc_column width=\u00a0\u00bb2\/3&Prime;][vc_gallery interval=\u00a0\u00bb3&Prime; images=\u00a0\u00bb1240,1241&Prime; img_size=\u00a0\u00bblarge\u00a0\u00bb control_nav=\u00a0\u00bbyes\u00a0\u00bb show_image_description=\u00a0\u00bbyes\u00a0\u00bb el_class=\u00a0\u00bbgalleria-prodotti-ambientati\u00a0\u00bb][\/vc_column][\/vc_row][vc_row css_animation=\u00a0\u00bb\u00a0\u00bb row_type=\u00a0\u00bbrow\u00a0\u00bb use_row_as_full_screen_section=\u00a0\u00bbno\u00a0\u00bb type=\u00a0\u00bbfull_width\u00a0\u00bb angled_section=\u00a0\u00bbno\u00a0\u00bb text_align=\u00a0\u00bbleft\u00a0\u00bb background_image_as_pattern=\u00a0\u00bbwithout_pattern\u00a0\u00bb css=\u00a0\u00bb.vc_custom_1598886225167{margin-top: 64px !important;margin-bottom: 64px !important;}\u00a0\u00bb z_index=\u00a0\u00bb\u00a0\u00bb][vc_column][vc_column_text]<\/p>\n<h2 class=\"p1\">Les portes blind\u00e9es<\/h2>\n<p>[\/vc_column_text][\/vc_column][\/vc_row][vc_row css_animation=\u00a0\u00bb\u00a0\u00bb row_type=\u00a0\u00bbrow\u00a0\u00bb use_row_as_full_screen_section=\u00a0\u00bbno\u00a0\u00bb type=\u00a0\u00bbfull_width\u00a0\u00bb angled_section=\u00a0\u00bbno\u00a0\u00bb text_align=\u00a0\u00bbleft\u00a0\u00bb background_image_as_pattern=\u00a0\u00bbwithout_pattern\u00a0\u00bb][vc_column width=\u00a0\u00bb1\/2&Prime;][vc_single_image image=\u00a0\u00bb1241&Prime; img_size=\u00a0\u00bblarge\u00a0\u00bb qode_css_animation=\u00a0\u00bb\u00a0\u00bb][\/vc_column][vc_column width=\u00a0\u00bb1\/2&Prime;][vc_column_text]<b>Une s\u00e9curit\u00e9 renforc\u00e9e dans votre maison<\/b><\/p>\n<p>La s\u00e9curit\u00e9 est importante pour nous : c&rsquo;est pourquoi nous \u00e9quipons nos portes des syst\u00e8mes les plus modernes pour vous aider \u00e0 vous prot\u00e9ger des intrus.[\/vc_column_text][\/vc_column][\/vc_row]<\/p>\n<\/section>","protected":false},"excerpt":{"rendered":"<p>[vc_row equal_height=\u00a0\u00bbyes\u00a0\u00bb css_animation=\u00a0\u00bb\u00a0\u00bb row_type=\u00a0\u00bbrow\u00a0\u00bb use_row_as_full_screen_section=\u00a0\u00bbno\u00a0\u00bb type=\u00a0\u00bbfull_width\u00a0\u00bb angled_section=\u00a0\u00bbno\u00a0\u00bb text_align=\u00a0\u00bbleft\u00a0\u00bb background_image_as_pattern=\u00a0\u00bbwithout_pattern\u00a0\u00bb z_index=\u00a0\u00bb\u00a0\u00bb el_class=\u00a0\u00bbdescrizione-categoria\u00a0\u00bb css=\u00a0\u00bb.vc_custom_1598885948008{background-color: #cebf9e !important;}\u00a0\u00bb][vc_column width=\u00a0\u00bb1\/3&Prime;][vc_column_text css=\u00a0\u00bb.vc_custom_1690182753396{padding-top: 32px !important;padding-right: 32px !important;padding-bottom: 32px !important;padding-left: 32px !important;background-color: #cebf9e !important;}\u00a0\u00bb]La s\u00e9curit\u00e9 de votre habitation est l&rsquo;un des aspects qu&rsquo;il ne faut pas n\u00e9gliger. Les portes Xylo vous y aident&#8230;<\/p>\n","protected":false},"author":1,"featured_media":0,"parent":1861,"menu_order":0,"comment_status":"closed","ping_status":"closed","template":"","meta":{"_locale":"fr_FR","_original_post":"https:\/\/xyloporte.com\/?page_id=1239"},"_links":{"self":[{"href":"https:\/\/xyloporte.com\/wp-json\/wp\/v2\/pages\/1872"}],"collection":[{"href":"https:\/\/xyloporte.com\/wp-json\/wp\/v2\/pages"}],"about":[{"href":"https:\/\/xyloporte.com\/wp-json\/wp\/v2\/types\/page"}],"author":[{"embeddable":true,"href":"https:\/\/xyloporte.com\/wp-json\/wp\/v2\/users\/1"}],"replies":[{"embeddable":true,"href":"https:\/\/xyloporte.com\/wp-json\/wp\/v2\/comments?post=1872"}],"version-history":[{"count":0,"href":"https:\/\/xyloporte.com\/wp-json\/wp\/v2\/pages\/1872\/revisions"}],"up":[{"embeddable":true,"href":"https:\/\/xyloporte.com\/wp-json\/wp\/v2\/pages\/1861"}],"wp:attachment":[{"href":"https:\/\/xyloporte.com\/wp-json\/wp\/v2\/media?parent=1872"}],"curies":[{"name":"wp","href":"https:\/\/api.w.org\/{rel}","templated":true}]}}