{"id":1884,"date":"2023-07-24T09:53:08","date_gmt":"2023-07-24T07:53:08","guid":{"rendered":"https:\/\/xyloporte.com\/?page_id=1884"},"modified":"2023-07-24T09:53:08","modified_gmt":"2023-07-24T07:53:08","slug":"politique-de-confidentialite","status":"publish","type":"page","link":"https:\/\/xyloporte.com\/fr\/politique-de-confidentialite\/","title":{"rendered":"Politique de confidentialit\u00e9"},"content":{"rendered":"<section class=\"wpb-content-wrapper\"><p>[vc_row css_animation=\u00a0\u00bb\u00a0\u00bb row_type=\u00a0\u00bbrow\u00a0\u00bb use_row_as_full_screen_section=\u00a0\u00bbno\u00a0\u00bb type=\u00a0\u00bbfull_width\u00a0\u00bb angled_section=\u00a0\u00bbno\u00a0\u00bb text_align=\u00a0\u00bbleft\u00a0\u00bb background_image_as_pattern=\u00a0\u00bbwithout_pattern\u00a0\u00bb][vc_column][vc_column_text]<\/p>\r\n<p>Cher client,<br \/>XYLO SRL (ci-apr\u00e8s \u00ab\u00a0XYLO\u00a0\u00bb) accorde une grande importance \u00e0 la protection de votre vie priv\u00e9e et nous vous assurons que le traitement de vos donn\u00e9es personnelles en consultant le site , <span style=\"color: #0000ff;\"><u><a href=\"http:\/\/www.xyloporte.it\/\" target=\"_blank\" rel=\"noopener\">www.xyloporte.it<\/a><\/u><\/span> (www.xyloporte.com)correspondant \u00e0 la page d&rsquo;accueil du site XYLO, se fera dans le respect de la vie priv\u00e9e de l&rsquo;utilisateur, (ci-apr\u00e8s seulement le \u00ab\u00a0Site\u00a0\u00bb) est effectu\u00e9 dans le respect de vos droits, en particulier en ce qui concerne la confidentialit\u00e9, la protection de l&rsquo;identit\u00e9 personnelle et le droit \u00e0 la protection des donn\u00e9es personnelles.<\/p>\r\n<p>\u00c0 cet \u00e9gard, nous mettons \u00e0 votre disposition la pr\u00e9sente politique de confidentialit\u00e9 dans laquelle vous trouverez des indications sur la mani\u00e8re dont le site est g\u00e9r\u00e9 en ce qui concerne le traitement des donn\u00e9es personnelles des utilisateurs qui le consultent. Ces informations sont \u00e9galement fournies aux termes de l&rsquo;art. 13 du D\u00e9cret l\u00e9gislatif n\u00b0 196\/2003 &#8211; \u00ab\u00a0Code en mati\u00e8re de protection des donn\u00e9es personnelles\u00a0\u00bb et aux termes et pour les effets de la Disposition du Garant de la Confidentialit\u00e9 du 8.05.2014 \u00ab\u00a0Identification des modalit\u00e9s simplifi\u00e9es pour l&rsquo;information et l&rsquo;acquisition du consentement \u00e0 l&rsquo;utilisation des cookies\u00a0\u00bb.<\/p>\r\n<p>Les informations suivantes sont fournies pour le site XYLO uniquement et non pour d&rsquo;autres sites web qui pourraient \u00eatre consult\u00e9s par l&rsquo;utilisateur par le biais de liens.<\/p>\r\n<p>Les informations sont \u00e9galement bas\u00e9es sur la recommandation n\u00b0 2\/2001 que les autorit\u00e9s europ\u00e9ennes charg\u00e9es de la protection des donn\u00e9es r\u00e9unies au sein du groupe de travail institu\u00e9 par l&rsquo;article 29 de la directive 95\/46\/CE, adopt\u00e9e le 17 mai 2001, afin de d\u00e9finir certaines exigences minimales pour la collecte de donn\u00e9es \u00e0 caract\u00e8re personnel en ligne et, en particulier, les modalit\u00e9s, le calendrier et la nature des <br \/>informations que les responsables du traitement doivent fournir aux utilisateurs lorsqu&rsquo;ils se connectent \u00e0 des pages web, quel que soit l&rsquo;objet de la connexion.<\/p>\r\n<p><span style=\"font-size: x-large;\"><b>Lieu du traitement des donn\u00e9es<\/b><\/span><\/p>\r\n<p>Les traitements li\u00e9s aux services Web de ce Site ont lieu dans les locaux susmentionn\u00e9s de XYLO et sont effectu\u00e9s uniquement par le personnel technique charg\u00e9 du traitement des donn\u00e9es ou les personnes charg\u00e9es des op\u00e9rations de maintenance occasionnelles. Aucune donn\u00e9e d\u00e9rivant du service web n&rsquo;est communiqu\u00e9e ou diffus\u00e9e.<\/p>\r\n<p><span style=\"font-size: x-large;\"><b>Finalit\u00e9 du traitement des donn\u00e9es<\/b><\/span><\/p>\r\n<p>Les donn\u00e9es personnelles fournies par les utilisateurs qui envoient des demandes d&rsquo;information ou de mat\u00e9riel informatif (telles que formulaires de contact, demandes de devis, inscriptions \u00e0 la newsletter, etc.) sont utilis\u00e9es uniquement dans le but de fournir le service ou la prestation demand\u00e9e.<\/p>\r\n<p>XYLO recueille les donn\u00e9es personnelles fournies volontairement par l&rsquo;utilisateur lors de son inscription c&rsquo;est \u00e0 dire lors de la demande de biens ou de services offerts par le Site. Le site est accessible aux utilisateurs sans qu&rsquo;ils aient \u00e0 fournir leurs donn\u00e9es personnelles. Toutefois, certaines parties du site ne seront accessibles qu&rsquo;aux utilisateurs enregistr\u00e9s. Les donn\u00e9es personnelles de l&rsquo;utilisateur peuvent donc \u00eatre trait\u00e9es, par des moyens automatis\u00e9s, (i) pendant la navigation, (ii) au moment de l&rsquo;enregistrement sur le site (n\u00e9cessaire pour pouvoir utiliser les services ou acheter les biens offerts par celui-ci), (iii) lors de la<br \/>demande de fourniture d&rsquo;un certain bien ou d&rsquo;un service.<\/p>\r\n<p>Aucune donn\u00e9e provenant du service web n&rsquo;est divulgu\u00e9e ou diffus\u00e9e.<\/p>\r\n<p><span style=\"font-size: x-large;\"><b>Types de donn\u00e9es trait\u00e9es<\/b><\/span><\/p>\r\n<p><span style=\"font-size: medium;\"><b>Donn\u00e9es de navigation<br \/><\/b><\/span>Les syst\u00e8mes informatiques et les proc\u00e9dures logicielles utilis\u00e9s pour le fonctionnement du site acqui\u00e8rent, au cours de leur normal fonctionnement, certaines donn\u00e9es personnelles dont la transmission est implicite dans l&rsquo;utilisation des protocoles de communication Internet. Ces informations ne sont pas rassembl\u00e9es dans le but d&rsquo;\u00eatre associ\u00e9es \u00e0 des personnes int\u00e9ress\u00e9es identifi\u00e9es, mais, de par leur nature m\u00eame pourraient, \u00e0 travers le traitement et l&rsquo;association avec des donn\u00e9es d\u00e9tenues par parties tierces, permettre d&rsquo;identifier les utilisateurs.<br \/>Cette cat\u00e9gorie de donn\u00e9es comprend les adresses IP ou les noms de domaine des ordinateurs utilis\u00e9s par les internautes qui se connectent au site, les adresses en notation URI (Uniform Resource Identifier) des ressources demand\u00e9es, l&rsquo;heure de la connexion, la m\u00e9thode utilis\u00e9e pour soumettre la demande au serveur, la taille du fichier obtenu en r\u00e9ponse, le code num\u00e9rique indiquant l&rsquo;\u00e9tat de la r\u00e9ponse donn\u00e9e par le serveur (succ\u00e8s, erreur, etc.) et d&rsquo;autres param\u00e8tres relatifs au syst\u00e8me et \u00e0 l&rsquo;environnement informatique de l&rsquo;utilisateur.<\/p>\r\n<p>Ces donn\u00e9es sont utilis\u00e9es dans le seul but d&rsquo;obtenir des informations statistiques anonymes sur l&rsquo;utilisation du site et de v\u00e9rifier son bon fonctionnement et sont effac\u00e9es imm\u00e9diatement apr\u00e8s leur traitement. Les donn\u00e9es pourraient \u00eatre utilis\u00e9es pour d\u00e9terminer les responsabilit\u00e9s en cas d&rsquo;hypoth\u00e9tiques d\u00e9lits informatiques contre le site, uniquement \u00e0 la demande des autorit\u00e9s de surveillance comp\u00e9tentes.<\/p>\r\n<p><span style=\"font-size: medium;\"><b>Donn\u00e9es fournies volontairement par l&rsquo;utilisateur<br \/><\/b><\/span>L&rsquo;envoi facultatif, explicite et volontaire de courrier \u00e9lectronique aux adresses indiqu\u00e9es sur ce site entra\u00eene par la suite l&rsquo;acquisition de l&rsquo;adresse de l&rsquo;exp\u00e9diteur, qui est n\u00e9cessaire pour r\u00e9pondre aux demandes, ainsi que d&rsquo;\u00e9ventuelles autres donn\u00e9es \u00e0 caract\u00e8re personnel qu&rsquo;il contient.<\/p>\r\n<p><span style=\"font-size: medium;\"><b>Cookies<br \/><\/b><\/span>Veuillez consulter la section suivante \u00ab\u00a0Utilisation de cookies et de technologies similaires\u00a0\u00bb pour plus de d\u00e9tails sur la mani\u00e8re dont nous utilisons les cookies.<\/p>\r\n<p><span style=\"font-size: x-large;\"><b>Utilisation de cookies et de technologies similaires.<\/b><\/span><\/p>\r\n<p>Cette section d\u00e9crit comment XYLO, ses partenaires et les parties tierces utilisent les cookies et les technologies similaires.<\/p>\r\n<p><span style=\"font-size: medium;\"><b>D\u00e9finitions<br \/><\/b><\/span>Les cookies sont de petites lignes de texte que les sites visit\u00e9s par l&rsquo;utilisateur envoient au terminal de l&rsquo;utilisateur (g\u00e9n\u00e9ralement au navigateur), o\u00f9 elles sont stock\u00e9es et ensuite retransmises aux m\u00eames sites lors de la prochaine visite de l&rsquo;utilisateur.<br \/>Au cours de sa navigation sur un site, l&rsquo;utilisateur peut \u00e9galement recevoir sur son ordinateur des cookies envoy\u00e9s par diff\u00e9rents sites ou serveurs web (appel\u00e9s \u00ab\u00a0tiers\u00a0\u00bb), sur lesquels peuvent se trouver certains \u00e9l\u00e9ments du site que l&rsquo;utilisateur est en train de visiter.<\/p>\r\n<p><span style=\"font-size: x-large;\"><b>Dur\u00e9e des cookies<\/b><\/span><\/p>\r\n<p>Certains cookies (cookies de session) ne restent actifs que jusqu&rsquo;\u00e0 la fermeture du navigateur. D&rsquo;autres cookies \u00ab\u00a0survivent\u00a0\u00bb \u00e0 la fermeture du navigateur et sont disponibles lors des prochaines visites de l&rsquo;utilisateur. Ces cookies sont dits persistants et leur dur\u00e9e est fix\u00e9e par le serveur lors de leur cr\u00e9ation. Dans certains cas, une date d&rsquo;expiration est fix\u00e9e, dans d&rsquo;autres, la dur\u00e9e est illimit\u00e9e.<\/p>\r\n<p><span style=\"font-size: x-large;\"><b>Types de cookies<\/b><\/span><\/p>\r\n<p>Aux fins de la r\u00e9glementation contenue dans le Code de confidentialit\u00e9, les cookies peuvent \u00eatre divis\u00e9s en deux macro-cat\u00e9gories en fonction de leur base d&rsquo;utilisation : les cookies \u00ab\u00a0techniques\u00a0\u00bb et les cookies \u00ab\u00a0de profilage\u00a0\u00bb.<\/p>\r\n<p><span style=\"font-size: x-large;\"><b>Les cookies techniques<\/b><\/span><\/p>\r\n<p>Les cookies techniques sont ceux qui sont utilis\u00e9s dans le seul but de \u00ab\u00a0r\u00e9aliser la transmission d&rsquo;une communication sur un r\u00e9seau de t\u00e9l\u00e9communication, ou dans la mesure strictement n\u00e9cessaire au prestataire d&rsquo;un service de la soci\u00e9t\u00e9 de l&rsquo;information explicitement demand\u00e9 par l&rsquo;abonn\u00e9 ou l&rsquo;utilisateur pour fournir un certain service (voir l&rsquo;article 122, paragraphe 1 du Code de confidentialit\u00e9).<\/p>\r\n<p>Il s&rsquo;agit de cookies qui servent \u00e0 effectuer la navigation ou \u00e0 fournir un service demand\u00e9 par l&rsquo;utilisateur. <br \/>Ils ne sont pas utilis\u00e9s \u00e0 d&rsquo;autres fins. Sans l&rsquo;utilisation de ces cookies, certaines op\u00e9rations ne pourraient pas \u00eatre r\u00e9alis\u00e9es ou seraient plus complexes et\/ou moins s\u00fbres, telles que les op\u00e9rations bancaires \u00e0 domicile (affichage des relev\u00e9s de compte, virements bancaires, paiement de factures, etc.), pour lesquelles les cookies, qui permettent d&rsquo;identifier l&rsquo;utilisateur et de le maintenir dans la session, sont indispensables.<\/p>\r\n<p>Font partie de cette cat\u00e9gorie :<\/p>\r\n<p>&#8211; Les cookies de navigation ou de session qui assurent une navigation et une utilisation normales du site web (permettant, par ex. d&rsquo;effectuer un achat ou de s&rsquo;authentifier pour acc\u00e9der \u00e0 des zones r\u00e9serv\u00e9es). La d\u00e9sactivation de ces cookies aura un impact n\u00e9gatif sur les performances des sites et peut rendre leur fonctionnalit\u00e9 et leur service indisponibles.<br \/>&#8211; Les cookies analytiques, assimil\u00e9s \u00e0 des cookies techniques, sont utilis\u00e9s directement par l&rsquo;op\u00e9rateur du site pour collecter des informations, sous forme agr\u00e9g\u00e9e, sur le nombre d&rsquo;utilisateurs et la mani\u00e8re dont ils visitent le site.<\/p>\r\n<p>&#8211; Les cookies de fonctionnalit\u00e9, qui permettent \u00e0 l&rsquo;utilisateur de naviguer en fonction d&rsquo;un ensemble de crit\u00e8res s\u00e9lectionn\u00e9s (par exemple, la langue, les produits s\u00e9lectionn\u00e9s pour l&rsquo;achat) afin d&rsquo;am\u00e9liorer le service fourni \u00e0 l&rsquo;utilisateur.<\/p>\r\n<p>Le consentement pr\u00e9alable de l&rsquo;utilisateur n&rsquo;est pas requis pour l&rsquo;installation de ces cookies, alors qu&rsquo;il est obligatoire de fournir les informations pr\u00e9vues par l&rsquo;article 13 du Code de confidentialit\u00e9, que l&rsquo;op\u00e9rateur du site fournira s&rsquo;il n&rsquo;utilise que de tels dispositifs, de la mani\u00e8re qu&rsquo;il jugera plus appropri\u00e9e.<\/p>\r\n<p><span style=\"font-size: x-large;\"><b>Cookies de profilage<\/b><\/span><\/p>\r\n<p>Les cookies de profilage sont con\u00e7us pour cr\u00e9er des profils de l&rsquo;utilisateur et sont utilis\u00e9s pour envoyer des messages publicitaires en fonction des pr\u00e9f\u00e9rences exprim\u00e9es par l&rsquo;utilisateur au cours de sa navigation sur le web.<br \/>En raison du caract\u00e8re particuli\u00e8rement invasif que ces dispositifs peuvent avoir dans la sph\u00e8re priv\u00e9e des utilisateurs ils n\u00e9cessitent le consentement explicite de ceux-ci.<\/p>\r\n<p><span style=\"font-size: x-large;\"><b>Cookies de tiers<\/b><\/span><\/p>\r\n<p>Au cours de sa navigation sur un site, l&rsquo;utilisateur peut \u00e9galement recevoir sur son ordinateur des cookies envoy\u00e9s par diff\u00e9rents sites ou serveurs web (dits \u00ab\u00a0tiers\u00a0\u00bb). Par exemple, il peut y avoir des cookies li\u00e9s aux services fournis par Google Analytics ou des cookies dus \u00e0 la pr\u00e9sence de \u00ab\u00a0social plug-ins\u00a0\u00bb (par exemple pour Facebook, Twitter, Google+ et LinkedIn), g\u00e9n\u00e9ralement destin\u00e9s au partage de contenus.<\/p>\r\n<p><span style=\"font-size: medium;\"><b>Comment le site utilise-t-il les cookies et \u00e0 quelles fins ?<\/b><\/span><br \/>Le site XYLO n&rsquo;utilise pas ses propres cookies de profilage.<br \/>Toutefois, il peut, dans certains cas, utiliser des cookies techniques, notamment des cookies de session (par exemple JSESSIONID,PHPSESSIONID, ASPSESSIONID, Flash Cookies etc.) qui sont supprim\u00e9s \u00e0 la fermeture du navigateur, afin de fournir certains services tels que l&rsquo;authentification \u00e0 des zones restreintes ou la s\u00e9lection de produits dans le panier d&rsquo;achat.<\/p>\r\n<p>Ces cookies peuvent \u00eatre d\u00e9sactiv\u00e9s et supprim\u00e9s via les param\u00e8tres du navigateur, comme indiqu\u00e9 ci-dessous. La d\u00e9sactivation de ces cookies peut affecter n\u00e9gativement la performance des sites et peut rendre certaines fonctionnalit\u00e9s et certains services indisponibles.<\/p>\r\n<p>D&rsquo;autre part, des cookies de tiers sont install\u00e9s aux fins suivantes : interaction avec les r\u00e9seaux sociaux et les plateformes externes, statistiques, gestion des paiements et affichage de contenus provenant de plateformes externes.<\/p>\r\n<p><span style=\"font-size: medium;\"><b>Comment d\u00e9sactiver les cookies<br \/><\/b><\/span>Vous pouvez d\u00e9cider d&rsquo;accepter ou non les cookies. Pour ce faire, vous pouvez utiliser les param\u00e8tres de votre navigateur Internet. La plupart des navigateurs vous permettent de g\u00e9rer (afficher, activer, d\u00e9sactiver et supprimer) les cookies par le biais des param\u00e8tres.Par exemple, dans Firefox, \u00e0 travers le menu Outils &gt; Options &gt; Confidentialit\u00e9, il est possible d&rsquo;acc\u00e9der \u00e0 un panneau de contr\u00f4le o\u00f9 il est possible de d\u00e9finir si l&rsquo;on accepte ou non les diff\u00e9rents types de cookies et de les supprimer.<\/p>\r\n<p>Les sites web suivants contiennent des informations sur la mani\u00e8re d&rsquo;ajuster les param\u00e8tres des cookies dans certains navigateurs les plus courants :<\/p>\r\n<p>&#8211; Apple Safari<\/p>\r\n<p>&#8211; Google Chrome<\/p>\r\n<p>&#8211; Microsoft Internet Explorer<\/p>\r\n<p>&#8211; Mozilla Firefox<\/p>\r\n<p>Les liens ci-dessus peuvent faire l&rsquo;objet de modifications dans le temps qui ne sont pas du fait de XYLO. Les m\u00eames informations sont, facilement accessibles \u00e0 l&rsquo;aide d&rsquo;un moteur de recherche.<\/p>\r\n<p>Si votre navigateur n&rsquo;est pas pr\u00e9sent, veuillez vous r\u00e9f\u00e9rer aux informations sur les cookies fournies par votre navigateur. Si vous utilisez un t\u00e9l\u00e9phone portable, veuillez consulter le manuel du t\u00e9l\u00e9phone portable pour plus d&rsquo;informations.<\/p>\r\n<p>Suite \u00e0 la d\u00e9sactivation des cookies par le biais des param\u00e8tres du navigateur, nous vous rappelons qu&rsquo;il est n\u00e9cessaire de fournir les m\u00eames param\u00e8tres pour supprimer les cookies d\u00e9j\u00e0 pr\u00e9sents avant de les d\u00e9sactiver.<\/p>\r\n<p>Adobe Flash Player est un logiciel qui permet de visualiser des contenus multim\u00e9dias sur votre ordinateur. Les sites web qui utilisent Adobe Flash peuvent installer des fichiers sur vos appareils pour stocker des param\u00e8tres, des pr\u00e9f\u00e9rences et des habitudes d&rsquo;utilisation, similaires \u00e0 d&rsquo;autres types de cookies.<br \/>Ces fichiers sont g\u00e9n\u00e9ralement appel\u00e9s cookies Flash ou Local Shared Object (LSO) Flash. Un r\u00e9sum\u00e9 utile sur la fa\u00e7on de g\u00e9rer les LSO Flash est disponible ici.<\/p>\r\n<p><span style=\"font-size: medium;\"><b>Technologies utilis\u00e9es pour l&rsquo;envoi de lettres d&rsquo;information<\/b><\/span><br \/>Les communications marketing par courrier \u00e9lectronique ou les bulletins d&rsquo;information au format HTML re\u00e7us de ce site peuvent utiliser des technologies permettant de collecter des donn\u00e9es statistiques sur leur ouverture ou l&rsquo;ouverture des liens web qu&rsquo;ils contiennent.<br \/>Par exemple, des images transparentes de 1 pixel (balises web ou clear gifs) peuvent \u00eatre pr\u00e9sentes.<\/p>\r\n<p>Vous pouvez modifier la fa\u00e7on dont vous recevez ces communications de XYLO afin d&#8217;emp\u00eacher la collecte de ces donn\u00e9es, en s\u00e9lectionnant (le cas \u00e9ch\u00e9ant) la version texte des messages, en \u00e9vitant de cliquer sur les liens Internet, en d\u00e9sactivant le chargement automatique des images dans votre client de messagerie.<\/p>\r\n<p><span style=\"font-size: x-large;\"><b>Fourniture facultative de donn\u00e9es \u00e0 caract\u00e8re personnel<\/b><\/span><\/p>\r\n<p>A l&rsquo;exception des donn\u00e9es de navigation, l&rsquo;Utilisateur est libre de fournir les donn\u00e9es personnelles indiqu\u00e9es dans les formulaires de demande ou d&rsquo;inscription au site pour recevoir des biens ou des services, ou en envoyant des demandes d&rsquo;information au site par courrier \u00e9lectronique.<br \/>La non-fourniture de ces donn\u00e9es peut entra\u00eener l&rsquo;impossibilit\u00e9 d&rsquo;obtenir ce qui a \u00e9t\u00e9 demand\u00e9.<\/p>\r\n<p><span style=\"font-size: x-large;\"><b>M\u00e9thode de traitement<\/b><\/span><\/p>\r\n<p>Les donn\u00e9es personnelles sont trait\u00e9es par des outils automatis\u00e9s pendant le temps strictement n\u00e9cessaire \u00e0 la r\u00e9alisation des finalit\u00e9s pour lesquelles elles ont \u00e9t\u00e9 rassembl\u00e9es. Des mesures de s\u00e9curit\u00e9 sp\u00e9cifiques sont pr\u00e9vues pour \u00e9viter la perte de donn\u00e9es, l&rsquo;utilisation illicite ou incorrecte et l&rsquo;acc\u00e8s non autoris\u00e9.<\/p>\r\n<p><span style=\"font-size: x-large;\"><b>Droits des personnes concern\u00e9es<\/b><\/span><\/p>\r\n<p>Les personnes auxquelles se r\u00e9f\u00e8rent les donn\u00e9es personnelles ont le droit d&rsquo;obtenir \u00e0 tout moment la confirmation de l&rsquo;existence de ces donn\u00e9es et d&rsquo;en conna\u00eetre le contenu et l&rsquo;origine, v\u00e9rifier son exactitude ou demander \u00e0 ce qu&rsquo;elle soit compl\u00e9t\u00e9e ou la mise \u00e0 jour ou la rectification (article 7 du code de protection des donn\u00e9es \u00e0 caract\u00e8re personnel).<\/p>\r\n<p>Conform\u00e9ment au m\u00eame article, vous avez le droit de demander la suppression, la transformation sous forme anonyme ou le blocage des donn\u00e9es trait\u00e9es en violation de la loi, ainsi que de vous opposer dans tous les cas, pour des raisons l\u00e9gitimes, \u00e0 leur traitement.<br \/>Les communications doivent \u00eatre envoy\u00e9es au contr\u00f4leur des donn\u00e9es, XYLO SRL, par courrier \u00e9lectronique \u00e0 l&rsquo;adresse xylo@xyloporte.com.<\/p>\r\n<p><span style=\"font-size: x-large;\"><b>Partie r\u00e9serv\u00e9e aux mineurs<\/b><\/span><\/p>\r\n<p>Aucune personne \u00e2g\u00e9e de moins de 18 ans ne peut, sans le consentement pr\u00e9alable de ses parents ou de son tuteur l\u00e9gal, envoyer des informations au site, ni effectuer des achats ou des actes juridiques sur ce site sans ce consentement, sauf si la loi en vigueur l&rsquo;autorise.<\/p>\r\n<p><span style=\"font-size: x-large;\"><b>Modifications de la politique<\/b><\/span><\/p>\r\n<p>XYLO peut apporter des modifications \u00e0 la pr\u00e9sente politique afin d&rsquo;int\u00e9grer des changements dans la l\u00e9gislation nationale et\/ou communautaire ou de s&rsquo;adapter aux innovations technologiques. Toute modification sera publi\u00e9e sur cette page web qui peut \u00eatre consult\u00e9e \u00e0 tout moment via l&rsquo;hyperlien situ\u00e9 sur la page d&rsquo;accueil du Site. Veuillez lire attentivement la politique de confidentialit\u00e9 suivante et la consulter p\u00e9riodiquement afin de v\u00e9rifier si des mises \u00e0 jour ou des r\u00e9visions sont n\u00e9cessaires.<\/p>\r\n<p>[\/vc_column_text][\/vc_column][\/vc_row]<\/p>\r\n<\/section>","protected":false},"excerpt":{"rendered":"<p>[vc_row css_animation=\u00a0\u00bb\u00a0\u00bb row_type=\u00a0\u00bbrow\u00a0\u00bb use_row_as_full_screen_section=\u00a0\u00bbno\u00a0\u00bb type=\u00a0\u00bbfull_width\u00a0\u00bb angled_section=\u00a0\u00bbno\u00a0\u00bb text_align=\u00a0\u00bbleft\u00a0\u00bb background_image_as_pattern=\u00a0\u00bbwithout_pattern\u00a0\u00bb][vc_column][vc_column_text] Cher client,XYLO SRL (ci-apr\u00e8s \u00ab\u00a0XYLO\u00a0\u00bb) accorde une grande importance \u00e0 la protection de votre vie priv\u00e9e et nous vous assurons que le traitement de vos donn\u00e9es personnelles en consultant le site , www.xyloporte.it (www.xyloporte.com)correspondant \u00e0 la page&#8230;<\/p>\n","protected":false},"author":1,"featured_media":0,"parent":0,"menu_order":0,"comment_status":"closed","ping_status":"open","template":"","meta":{"_locale":"fr_FR","_original_post":"http:\/\/xyloporte.com\/?page_id=3"},"_links":{"self":[{"href":"https:\/\/xyloporte.com\/wp-json\/wp\/v2\/pages\/1884"}],"collection":[{"href":"https:\/\/xyloporte.com\/wp-json\/wp\/v2\/pages"}],"about":[{"href":"https:\/\/xyloporte.com\/wp-json\/wp\/v2\/types\/page"}],"author":[{"embeddable":true,"href":"https:\/\/xyloporte.com\/wp-json\/wp\/v2\/users\/1"}],"replies":[{"embeddable":true,"href":"https:\/\/xyloporte.com\/wp-json\/wp\/v2\/comments?post=1884"}],"version-history":[{"count":0,"href":"https:\/\/xyloporte.com\/wp-json\/wp\/v2\/pages\/1884\/revisions"}],"wp:attachment":[{"href":"https:\/\/xyloporte.com\/wp-json\/wp\/v2\/media?parent=1884"}],"curies":[{"name":"wp","href":"https:\/\/api.w.org\/{rel}","templated":true}]}}